{"id":2189,"date":"2024-08-23T13:29:30","date_gmt":"2024-08-23T11:29:30","guid":{"rendered":"https:\/\/donghua.eu\/lancuchy\/leaf-chains\/"},"modified":"2024-10-21T16:09:38","modified_gmt":"2024-10-21T14:09:38","slug":"lancuchy-lisciowe","status":"publish","type":"page","link":"https:\/\/donghua.eu\/pl\/lancuchy\/lancuchy-lisciowe\/","title":{"rendered":"\u0141a\u0144cuchy p\u0142ytkowe"},"content":{"rendered":"","protected":false},"excerpt":{"rendered":"","protected":false},"author":1,"featured_media":0,"parent":2167,"menu_order":0,"comment_status":"closed","ping_status":"closed","template":"page-flex.php","meta":{"_acf_changed":false,"footnotes":""},"class_list":["post-2189","page","type-page","status-publish","hentry"],"acf":[],"yoast_head":"<!-- This site is optimized with the Yoast SEO plugin v26.5 - https:\/\/yoast.com\/wordpress\/plugins\/seo\/ -->\n<title>\u0141a\u0144cuchy p\u0142ytkowe - Donghua<\/title>\n<meta name=\"robots\" content=\"index, follow, max-snippet:-1, max-image-preview:large, max-video-preview:-1\" \/>\n<link rel=\"canonical\" href=\"https:\/\/donghua.eu\/pl\/lancuchy\/lancuchy-lisciowe\/\" \/>\n<meta property=\"og:locale\" content=\"pl_PL\" \/>\n<meta property=\"og:type\" content=\"article\" \/>\n<meta property=\"og:title\" content=\"\u0141a\u0144cuchy p\u0142ytkowe - Donghua\" \/>\n<meta property=\"og:url\" content=\"https:\/\/donghua.eu\/pl\/lancuchy\/lancuchy-lisciowe\/\" \/>\n<meta property=\"og:site_name\" content=\"Donghua\" \/>\n<meta property=\"article:modified_time\" content=\"2024-10-21T14:09:38+00:00\" \/>\n<meta name=\"twitter:card\" content=\"summary_large_image\" \/>\n<meta name=\"twitter:label1\" content=\"Szacowany czas czytania\" \/>\n\t<meta name=\"twitter:data1\" content=\"2 minuty\" \/>\n<script type=\"application\/ld+json\" class=\"yoast-schema-graph\">{\"@context\":\"https:\/\/schema.org\",\"@graph\":[{\"@type\":\"WebPage\",\"@id\":\"https:\/\/donghua.eu\/pl\/lancuchy\/lancuchy-lisciowe\/\",\"url\":\"https:\/\/donghua.eu\/pl\/lancuchy\/lancuchy-lisciowe\/\",\"name\":\"\u0141a\u0144cuchy p\u0142ytkowe - Donghua\",\"isPartOf\":{\"@id\":\"https:\/\/donghua.eu\/#website\"},\"datePublished\":\"2024-08-23T11:29:30+00:00\",\"dateModified\":\"2024-10-21T14:09:38+00:00\",\"breadcrumb\":{\"@id\":\"https:\/\/donghua.eu\/pl\/lancuchy\/lancuchy-lisciowe\/#breadcrumb\"},\"inLanguage\":\"pl-PL\",\"potentialAction\":[{\"@type\":\"ReadAction\",\"target\":[\"https:\/\/donghua.eu\/pl\/lancuchy\/lancuchy-lisciowe\/\"]}]},{\"@type\":\"BreadcrumbList\",\"@id\":\"https:\/\/donghua.eu\/pl\/lancuchy\/lancuchy-lisciowe\/#breadcrumb\",\"itemListElement\":[{\"@type\":\"ListItem\",\"position\":1,\"name\":\"Home\",\"item\":\"https:\/\/donghua.eu\/pl\/\"},{\"@type\":\"ListItem\",\"position\":2,\"name\":\"\u0141a\u0144cuchy\",\"item\":\"https:\/\/donghua.eu\/pl\/lancuchy\/\"},{\"@type\":\"ListItem\",\"position\":3,\"name\":\"\u0141a\u0144cuchy p\u0142ytkowe\"}]},{\"@type\":\"WebSite\",\"@id\":\"https:\/\/donghua.eu\/#website\",\"url\":\"https:\/\/donghua.eu\/\",\"name\":\"Donghua\",\"description\":\"Donghua International BV\",\"potentialAction\":[{\"@type\":\"SearchAction\",\"target\":{\"@type\":\"EntryPoint\",\"urlTemplate\":\"https:\/\/donghua.eu\/?s={search_term_string}\"},\"query-input\":{\"@type\":\"PropertyValueSpecification\",\"valueRequired\":true,\"valueName\":\"search_term_string\"}}],\"inLanguage\":\"pl-PL\"}]}<\/script>\n<!-- \/ Yoast SEO plugin. -->","yoast_head_json":{"title":"\u0141a\u0144cuchy p\u0142ytkowe - Donghua","robots":{"index":"index","follow":"follow","max-snippet":"max-snippet:-1","max-image-preview":"max-image-preview:large","max-video-preview":"max-video-preview:-1"},"canonical":"https:\/\/donghua.eu\/pl\/lancuchy\/lancuchy-lisciowe\/","og_locale":"pl_PL","og_type":"article","og_title":"\u0141a\u0144cuchy p\u0142ytkowe - Donghua","og_url":"https:\/\/donghua.eu\/pl\/lancuchy\/lancuchy-lisciowe\/","og_site_name":"Donghua","article_modified_time":"2024-10-21T14:09:38+00:00","twitter_card":"summary_large_image","twitter_misc":{"Szacowany czas czytania":"2 minuty"},"schema":{"@context":"https:\/\/schema.org","@graph":[{"@type":"WebPage","@id":"https:\/\/donghua.eu\/pl\/lancuchy\/lancuchy-lisciowe\/","url":"https:\/\/donghua.eu\/pl\/lancuchy\/lancuchy-lisciowe\/","name":"\u0141a\u0144cuchy p\u0142ytkowe - Donghua","isPartOf":{"@id":"https:\/\/donghua.eu\/#website"},"datePublished":"2024-08-23T11:29:30+00:00","dateModified":"2024-10-21T14:09:38+00:00","breadcrumb":{"@id":"https:\/\/donghua.eu\/pl\/lancuchy\/lancuchy-lisciowe\/#breadcrumb"},"inLanguage":"pl-PL","potentialAction":[{"@type":"ReadAction","target":["https:\/\/donghua.eu\/pl\/lancuchy\/lancuchy-lisciowe\/"]}]},{"@type":"BreadcrumbList","@id":"https:\/\/donghua.eu\/pl\/lancuchy\/lancuchy-lisciowe\/#breadcrumb","itemListElement":[{"@type":"ListItem","position":1,"name":"Home","item":"https:\/\/donghua.eu\/pl\/"},{"@type":"ListItem","position":2,"name":"\u0141a\u0144cuchy","item":"https:\/\/donghua.eu\/pl\/lancuchy\/"},{"@type":"ListItem","position":3,"name":"\u0141a\u0144cuchy p\u0142ytkowe"}]},{"@type":"WebSite","@id":"https:\/\/donghua.eu\/#website","url":"https:\/\/donghua.eu\/","name":"Donghua","description":"Donghua International BV","potentialAction":[{"@type":"SearchAction","target":{"@type":"EntryPoint","urlTemplate":"https:\/\/donghua.eu\/?s={search_term_string}"},"query-input":{"@type":"PropertyValueSpecification","valueRequired":true,"valueName":"search_term_string"}}],"inLanguage":"pl-PL"}]}},"_links":{"self":[{"href":"https:\/\/donghua.eu\/pl\/wp-json\/wp\/v2\/pages\/2189","targetHints":{"allow":["GET"]}}],"collection":[{"href":"https:\/\/donghua.eu\/pl\/wp-json\/wp\/v2\/pages"}],"about":[{"href":"https:\/\/donghua.eu\/pl\/wp-json\/wp\/v2\/types\/page"}],"author":[{"embeddable":true,"href":"https:\/\/donghua.eu\/pl\/wp-json\/wp\/v2\/users\/1"}],"replies":[{"embeddable":true,"href":"https:\/\/donghua.eu\/pl\/wp-json\/wp\/v2\/comments?post=2189"}],"version-history":[{"count":3,"href":"https:\/\/donghua.eu\/pl\/wp-json\/wp\/v2\/pages\/2189\/revisions"}],"predecessor-version":[{"id":2614,"href":"https:\/\/donghua.eu\/pl\/wp-json\/wp\/v2\/pages\/2189\/revisions\/2614"}],"up":[{"embeddable":true,"href":"https:\/\/donghua.eu\/pl\/wp-json\/wp\/v2\/pages\/2167"}],"wp:attachment":[{"href":"https:\/\/donghua.eu\/pl\/wp-json\/wp\/v2\/media?parent=2189"}],"curies":[{"name":"wp","href":"https:\/\/api.w.org\/{rel}","templated":true}]}}