{"id":14124,"date":"2025-05-22T11:22:38","date_gmt":"2025-05-22T09:22:38","guid":{"rendered":"https:\/\/donghua.eu\/fogaskerekek-valaszteka\/"},"modified":"2025-09-10T10:45:37","modified_gmt":"2025-09-10T08:45:37","slug":"asortyment-kol-zebatych","status":"publish","type":"page","link":"https:\/\/donghua.eu\/pl\/asortyment-kol-zebatych\/","title":{"rendered":"Asortyment k\u00f3\u0142 z\u0119batych"},"content":{"rendered":"","protected":false},"excerpt":{"rendered":"","protected":false},"author":15,"featured_media":0,"parent":0,"menu_order":0,"comment_status":"closed","ping_status":"closed","template":"page-flex.php","meta":{"_acf_changed":false,"footnotes":""},"class_list":["post-14124","page","type-page","status-publish","hentry"],"acf":[],"yoast_head":"<!-- This site is optimized with the Yoast SEO plugin v27.4 - https:\/\/yoast.com\/product\/yoast-seo-wordpress\/ -->\n<title>Asortyment k\u00f3\u0142 z\u0119batych - Donghua<\/title>\n<meta name=\"description\" content=\"Przemys\u0142owe ko\u0142a z\u0119bate Donghua oferuj\u0105 precyzyjne i trwa\u0142e rozwi\u0105zania dla wszystkich typ\u00f3w \u0142a\u0144cuch\u00f3w, do zastosowa\u0144 specjalnych i ci\u0105g\u0142ych.\" \/>\n<meta name=\"robots\" content=\"index, follow, max-snippet:-1, max-image-preview:large, max-video-preview:-1\" \/>\n<link rel=\"canonical\" href=\"https:\/\/donghua.eu\/pl\/asortyment-kol-zebatych\/\" \/>\n<meta property=\"og:locale\" content=\"pl_PL\" \/>\n<meta property=\"og:type\" content=\"article\" \/>\n<meta property=\"og:title\" content=\"Asortyment k\u00f3\u0142 z\u0119batych - Donghua\" \/>\n<meta property=\"og:description\" content=\"Przemys\u0142owe ko\u0142a z\u0119bate Donghua oferuj\u0105 precyzyjne i trwa\u0142e rozwi\u0105zania dla wszystkich typ\u00f3w \u0142a\u0144cuch\u00f3w, do zastosowa\u0144 specjalnych i ci\u0105g\u0142ych.\" \/>\n<meta property=\"og:url\" content=\"https:\/\/donghua.eu\/pl\/asortyment-kol-zebatych\/\" \/>\n<meta property=\"og:site_name\" content=\"Donghua\" \/>\n<meta property=\"article:modified_time\" content=\"2025-09-10T08:45:37+00:00\" \/>\n<meta name=\"twitter:card\" content=\"summary_large_image\" \/>\n<meta name=\"twitter:label1\" content=\"Szacowany czas czytania\" \/>\n\t<meta name=\"twitter:data1\" content=\"6 minut\" \/>\n<script type=\"application\/ld+json\" class=\"yoast-schema-graph\">{\"@context\":\"https:\\\/\\\/schema.org\",\"@graph\":[{\"@type\":\"WebPage\",\"@id\":\"https:\\\/\\\/donghua.eu\\\/pl\\\/asortyment-kol-zebatych\\\/\",\"url\":\"https:\\\/\\\/donghua.eu\\\/pl\\\/asortyment-kol-zebatych\\\/\",\"name\":\"Asortyment k\u00f3\u0142 z\u0119batych - Donghua\",\"isPartOf\":{\"@id\":\"https:\\\/\\\/donghua.eu\\\/#website\"},\"datePublished\":\"2025-05-22T09:22:38+00:00\",\"dateModified\":\"2025-09-10T08:45:37+00:00\",\"description\":\"Przemys\u0142owe ko\u0142a z\u0119bate Donghua oferuj\u0105 precyzyjne i trwa\u0142e rozwi\u0105zania dla wszystkich typ\u00f3w \u0142a\u0144cuch\u00f3w, do zastosowa\u0144 specjalnych i ci\u0105g\u0142ych.\",\"breadcrumb\":{\"@id\":\"https:\\\/\\\/donghua.eu\\\/pl\\\/asortyment-kol-zebatych\\\/#breadcrumb\"},\"inLanguage\":\"pl-PL\",\"potentialAction\":[{\"@type\":\"ReadAction\",\"target\":[\"https:\\\/\\\/donghua.eu\\\/pl\\\/asortyment-kol-zebatych\\\/\"]}]},{\"@type\":\"BreadcrumbList\",\"@id\":\"https:\\\/\\\/donghua.eu\\\/pl\\\/asortyment-kol-zebatych\\\/#breadcrumb\",\"itemListElement\":[{\"@type\":\"ListItem\",\"position\":1,\"name\":\"Home\",\"item\":\"https:\\\/\\\/donghua.eu\\\/pl\\\/\"},{\"@type\":\"ListItem\",\"position\":2,\"name\":\"Asortyment k\u00f3\u0142 z\u0119batych\"}]},{\"@type\":\"WebSite\",\"@id\":\"https:\\\/\\\/donghua.eu\\\/#website\",\"url\":\"https:\\\/\\\/donghua.eu\\\/\",\"name\":\"Donghua\",\"description\":\"Donghua International BV\",\"potentialAction\":[{\"@type\":\"SearchAction\",\"target\":{\"@type\":\"EntryPoint\",\"urlTemplate\":\"https:\\\/\\\/donghua.eu\\\/?s={search_term_string}\"},\"query-input\":{\"@type\":\"PropertyValueSpecification\",\"valueRequired\":true,\"valueName\":\"search_term_string\"}}],\"inLanguage\":\"pl-PL\"}]}<\/script>\n<!-- \/ Yoast SEO plugin. -->","yoast_head_json":{"title":"Asortyment k\u00f3\u0142 z\u0119batych - Donghua","description":"Przemys\u0142owe ko\u0142a z\u0119bate Donghua oferuj\u0105 precyzyjne i trwa\u0142e rozwi\u0105zania dla wszystkich typ\u00f3w \u0142a\u0144cuch\u00f3w, do zastosowa\u0144 specjalnych i ci\u0105g\u0142ych.","robots":{"index":"index","follow":"follow","max-snippet":"max-snippet:-1","max-image-preview":"max-image-preview:large","max-video-preview":"max-video-preview:-1"},"canonical":"https:\/\/donghua.eu\/pl\/asortyment-kol-zebatych\/","og_locale":"pl_PL","og_type":"article","og_title":"Asortyment k\u00f3\u0142 z\u0119batych - Donghua","og_description":"Przemys\u0142owe ko\u0142a z\u0119bate Donghua oferuj\u0105 precyzyjne i trwa\u0142e rozwi\u0105zania dla wszystkich typ\u00f3w \u0142a\u0144cuch\u00f3w, do zastosowa\u0144 specjalnych i ci\u0105g\u0142ych.","og_url":"https:\/\/donghua.eu\/pl\/asortyment-kol-zebatych\/","og_site_name":"Donghua","article_modified_time":"2025-09-10T08:45:37+00:00","twitter_card":"summary_large_image","twitter_misc":{"Szacowany czas czytania":"6 minut"},"schema":{"@context":"https:\/\/schema.org","@graph":[{"@type":"WebPage","@id":"https:\/\/donghua.eu\/pl\/asortyment-kol-zebatych\/","url":"https:\/\/donghua.eu\/pl\/asortyment-kol-zebatych\/","name":"Asortyment k\u00f3\u0142 z\u0119batych - Donghua","isPartOf":{"@id":"https:\/\/donghua.eu\/#website"},"datePublished":"2025-05-22T09:22:38+00:00","dateModified":"2025-09-10T08:45:37+00:00","description":"Przemys\u0142owe ko\u0142a z\u0119bate Donghua oferuj\u0105 precyzyjne i trwa\u0142e rozwi\u0105zania dla wszystkich typ\u00f3w \u0142a\u0144cuch\u00f3w, do zastosowa\u0144 specjalnych i ci\u0105g\u0142ych.","breadcrumb":{"@id":"https:\/\/donghua.eu\/pl\/asortyment-kol-zebatych\/#breadcrumb"},"inLanguage":"pl-PL","potentialAction":[{"@type":"ReadAction","target":["https:\/\/donghua.eu\/pl\/asortyment-kol-zebatych\/"]}]},{"@type":"BreadcrumbList","@id":"https:\/\/donghua.eu\/pl\/asortyment-kol-zebatych\/#breadcrumb","itemListElement":[{"@type":"ListItem","position":1,"name":"Home","item":"https:\/\/donghua.eu\/pl\/"},{"@type":"ListItem","position":2,"name":"Asortyment k\u00f3\u0142 z\u0119batych"}]},{"@type":"WebSite","@id":"https:\/\/donghua.eu\/#website","url":"https:\/\/donghua.eu\/","name":"Donghua","description":"Donghua International BV","potentialAction":[{"@type":"SearchAction","target":{"@type":"EntryPoint","urlTemplate":"https:\/\/donghua.eu\/?s={search_term_string}"},"query-input":{"@type":"PropertyValueSpecification","valueRequired":true,"valueName":"search_term_string"}}],"inLanguage":"pl-PL"}]}},"_links":{"self":[{"href":"https:\/\/donghua.eu\/pl\/wp-json\/wp\/v2\/pages\/14124","targetHints":{"allow":["GET"]}}],"collection":[{"href":"https:\/\/donghua.eu\/pl\/wp-json\/wp\/v2\/pages"}],"about":[{"href":"https:\/\/donghua.eu\/pl\/wp-json\/wp\/v2\/types\/page"}],"author":[{"embeddable":true,"href":"https:\/\/donghua.eu\/pl\/wp-json\/wp\/v2\/users\/15"}],"replies":[{"embeddable":true,"href":"https:\/\/donghua.eu\/pl\/wp-json\/wp\/v2\/comments?post=14124"}],"version-history":[{"count":2,"href":"https:\/\/donghua.eu\/pl\/wp-json\/wp\/v2\/pages\/14124\/revisions"}],"predecessor-version":[{"id":14126,"href":"https:\/\/donghua.eu\/pl\/wp-json\/wp\/v2\/pages\/14124\/revisions\/14126"}],"wp:attachment":[{"href":"https:\/\/donghua.eu\/pl\/wp-json\/wp\/v2\/media?parent=14124"}],"curies":[{"name":"wp","href":"https:\/\/api.w.org\/{rel}","templated":true}]}}