{"id":13958,"date":"2025-05-14T16:42:39","date_gmt":"2025-05-14T14:42:39","guid":{"rendered":"https:\/\/donghua.eu\/industrial-roller-chains\/"},"modified":"2025-09-03T10:46:34","modified_gmt":"2025-09-03T08:46:34","slug":"przemyslowe-lancuchy-rolkowe","status":"publish","type":"page","link":"https:\/\/donghua.eu\/pl\/przemyslowe-lancuchy-rolkowe\/","title":{"rendered":"Przemys\u0142owe \u0142a\u0144cuchy rolkowe"},"content":{"rendered":"","protected":false},"excerpt":{"rendered":"","protected":false},"author":6,"featured_media":0,"parent":0,"menu_order":0,"comment_status":"closed","ping_status":"closed","template":"page-flex.php","meta":{"_acf_changed":false,"footnotes":""},"class_list":["post-13958","page","type-page","status-publish","hentry"],"acf":[],"yoast_head":"<!-- This site is optimized with the Yoast SEO plugin v27.4 - https:\/\/yoast.com\/product\/yoast-seo-wordpress\/ -->\n<title>Przemys\u0142owe \u0142a\u0144cuchy rolkowe - Donghua<\/title>\n<meta name=\"description\" content=\"Donghua oferuje wysokiej jako\u015bci przemys\u0142owe \u0142a\u0144cuchy rolkowe z magazynu, szeroki asortyment i rozwi\u0105zania dla ka\u017cdej bran\u017cy.\" \/>\n<meta name=\"robots\" content=\"index, follow, max-snippet:-1, max-image-preview:large, max-video-preview:-1\" \/>\n<link rel=\"canonical\" href=\"https:\/\/donghua.eu\/pl\/przemyslowe-lancuchy-rolkowe\/\" \/>\n<meta property=\"og:locale\" content=\"pl_PL\" \/>\n<meta property=\"og:type\" content=\"article\" \/>\n<meta property=\"og:title\" content=\"Przemys\u0142owe \u0142a\u0144cuchy rolkowe - Donghua\" \/>\n<meta property=\"og:description\" content=\"Donghua oferuje wysokiej jako\u015bci przemys\u0142owe \u0142a\u0144cuchy rolkowe z magazynu, szeroki asortyment i rozwi\u0105zania dla ka\u017cdej bran\u017cy.\" \/>\n<meta property=\"og:url\" content=\"https:\/\/donghua.eu\/pl\/przemyslowe-lancuchy-rolkowe\/\" \/>\n<meta property=\"og:site_name\" content=\"Donghua\" \/>\n<meta property=\"article:modified_time\" content=\"2025-09-03T08:46:34+00:00\" \/>\n<meta name=\"twitter:card\" content=\"summary_large_image\" \/>\n<meta name=\"twitter:label1\" content=\"Szacowany czas czytania\" \/>\n\t<meta name=\"twitter:data1\" content=\"3 minuty\" \/>\n<script type=\"application\/ld+json\" class=\"yoast-schema-graph\">{\"@context\":\"https:\\\/\\\/schema.org\",\"@graph\":[{\"@type\":\"WebPage\",\"@id\":\"https:\\\/\\\/donghua.eu\\\/pl\\\/przemyslowe-lancuchy-rolkowe\\\/\",\"url\":\"https:\\\/\\\/donghua.eu\\\/pl\\\/przemyslowe-lancuchy-rolkowe\\\/\",\"name\":\"Przemys\u0142owe \u0142a\u0144cuchy rolkowe - Donghua\",\"isPartOf\":{\"@id\":\"https:\\\/\\\/donghua.eu\\\/#website\"},\"datePublished\":\"2025-05-14T14:42:39+00:00\",\"dateModified\":\"2025-09-03T08:46:34+00:00\",\"description\":\"Donghua oferuje wysokiej jako\u015bci przemys\u0142owe \u0142a\u0144cuchy rolkowe z magazynu, szeroki asortyment i rozwi\u0105zania dla ka\u017cdej bran\u017cy.\",\"breadcrumb\":{\"@id\":\"https:\\\/\\\/donghua.eu\\\/pl\\\/przemyslowe-lancuchy-rolkowe\\\/#breadcrumb\"},\"inLanguage\":\"pl-PL\",\"potentialAction\":[{\"@type\":\"ReadAction\",\"target\":[\"https:\\\/\\\/donghua.eu\\\/pl\\\/przemyslowe-lancuchy-rolkowe\\\/\"]}]},{\"@type\":\"BreadcrumbList\",\"@id\":\"https:\\\/\\\/donghua.eu\\\/pl\\\/przemyslowe-lancuchy-rolkowe\\\/#breadcrumb\",\"itemListElement\":[{\"@type\":\"ListItem\",\"position\":1,\"name\":\"Home\",\"item\":\"https:\\\/\\\/donghua.eu\\\/pl\\\/\"},{\"@type\":\"ListItem\",\"position\":2,\"name\":\"Przemys\u0142owe \u0142a\u0144cuchy rolkowe\"}]},{\"@type\":\"WebSite\",\"@id\":\"https:\\\/\\\/donghua.eu\\\/#website\",\"url\":\"https:\\\/\\\/donghua.eu\\\/\",\"name\":\"Donghua\",\"description\":\"Donghua International BV\",\"potentialAction\":[{\"@type\":\"SearchAction\",\"target\":{\"@type\":\"EntryPoint\",\"urlTemplate\":\"https:\\\/\\\/donghua.eu\\\/?s={search_term_string}\"},\"query-input\":{\"@type\":\"PropertyValueSpecification\",\"valueRequired\":true,\"valueName\":\"search_term_string\"}}],\"inLanguage\":\"pl-PL\"}]}<\/script>\n<!-- \/ Yoast SEO plugin. -->","yoast_head_json":{"title":"Przemys\u0142owe \u0142a\u0144cuchy rolkowe - Donghua","description":"Donghua oferuje wysokiej jako\u015bci przemys\u0142owe \u0142a\u0144cuchy rolkowe z magazynu, szeroki asortyment i rozwi\u0105zania dla ka\u017cdej bran\u017cy.","robots":{"index":"index","follow":"follow","max-snippet":"max-snippet:-1","max-image-preview":"max-image-preview:large","max-video-preview":"max-video-preview:-1"},"canonical":"https:\/\/donghua.eu\/pl\/przemyslowe-lancuchy-rolkowe\/","og_locale":"pl_PL","og_type":"article","og_title":"Przemys\u0142owe \u0142a\u0144cuchy rolkowe - Donghua","og_description":"Donghua oferuje wysokiej jako\u015bci przemys\u0142owe \u0142a\u0144cuchy rolkowe z magazynu, szeroki asortyment i rozwi\u0105zania dla ka\u017cdej bran\u017cy.","og_url":"https:\/\/donghua.eu\/pl\/przemyslowe-lancuchy-rolkowe\/","og_site_name":"Donghua","article_modified_time":"2025-09-03T08:46:34+00:00","twitter_card":"summary_large_image","twitter_misc":{"Szacowany czas czytania":"3 minuty"},"schema":{"@context":"https:\/\/schema.org","@graph":[{"@type":"WebPage","@id":"https:\/\/donghua.eu\/pl\/przemyslowe-lancuchy-rolkowe\/","url":"https:\/\/donghua.eu\/pl\/przemyslowe-lancuchy-rolkowe\/","name":"Przemys\u0142owe \u0142a\u0144cuchy rolkowe - Donghua","isPartOf":{"@id":"https:\/\/donghua.eu\/#website"},"datePublished":"2025-05-14T14:42:39+00:00","dateModified":"2025-09-03T08:46:34+00:00","description":"Donghua oferuje wysokiej jako\u015bci przemys\u0142owe \u0142a\u0144cuchy rolkowe z magazynu, szeroki asortyment i rozwi\u0105zania dla ka\u017cdej bran\u017cy.","breadcrumb":{"@id":"https:\/\/donghua.eu\/pl\/przemyslowe-lancuchy-rolkowe\/#breadcrumb"},"inLanguage":"pl-PL","potentialAction":[{"@type":"ReadAction","target":["https:\/\/donghua.eu\/pl\/przemyslowe-lancuchy-rolkowe\/"]}]},{"@type":"BreadcrumbList","@id":"https:\/\/donghua.eu\/pl\/przemyslowe-lancuchy-rolkowe\/#breadcrumb","itemListElement":[{"@type":"ListItem","position":1,"name":"Home","item":"https:\/\/donghua.eu\/pl\/"},{"@type":"ListItem","position":2,"name":"Przemys\u0142owe \u0142a\u0144cuchy rolkowe"}]},{"@type":"WebSite","@id":"https:\/\/donghua.eu\/#website","url":"https:\/\/donghua.eu\/","name":"Donghua","description":"Donghua International BV","potentialAction":[{"@type":"SearchAction","target":{"@type":"EntryPoint","urlTemplate":"https:\/\/donghua.eu\/?s={search_term_string}"},"query-input":{"@type":"PropertyValueSpecification","valueRequired":true,"valueName":"search_term_string"}}],"inLanguage":"pl-PL"}]}},"_links":{"self":[{"href":"https:\/\/donghua.eu\/pl\/wp-json\/wp\/v2\/pages\/13958","targetHints":{"allow":["GET"]}}],"collection":[{"href":"https:\/\/donghua.eu\/pl\/wp-json\/wp\/v2\/pages"}],"about":[{"href":"https:\/\/donghua.eu\/pl\/wp-json\/wp\/v2\/types\/page"}],"author":[{"embeddable":true,"href":"https:\/\/donghua.eu\/pl\/wp-json\/wp\/v2\/users\/6"}],"replies":[{"embeddable":true,"href":"https:\/\/donghua.eu\/pl\/wp-json\/wp\/v2\/comments?post=13958"}],"version-history":[{"count":2,"href":"https:\/\/donghua.eu\/pl\/wp-json\/wp\/v2\/pages\/13958\/revisions"}],"predecessor-version":[{"id":13960,"href":"https:\/\/donghua.eu\/pl\/wp-json\/wp\/v2\/pages\/13958\/revisions\/13960"}],"wp:attachment":[{"href":"https:\/\/donghua.eu\/pl\/wp-json\/wp\/v2\/media?parent=13958"}],"curies":[{"name":"wp","href":"https:\/\/api.w.org\/{rel}","templated":true}]}}