{"id":1768,"date":"2024-08-23T13:20:00","date_gmt":"2024-08-23T11:20:00","guid":{"rendered":"https:\/\/donghua.eu\/agriculture-chains\/"},"modified":"2024-10-18T11:19:51","modified_gmt":"2024-10-18T09:19:51","slug":"mezogazdasagi-lancok","status":"publish","type":"page","link":"https:\/\/donghua.eu\/hu\/lancok\/mezogazdasagi-lancok\/","title":{"rendered":"Mez\u0151gazdas\u00e1gi l\u00e1ncok"},"content":{"rendered":"","protected":false},"excerpt":{"rendered":"","protected":false},"author":1,"featured_media":0,"parent":2163,"menu_order":0,"comment_status":"closed","ping_status":"closed","template":"page-flex.php","meta":{"_acf_changed":false,"footnotes":""},"class_list":["post-1768","page","type-page","status-publish","hentry"],"acf":[],"yoast_head":"<!-- This site is optimized with the Yoast SEO plugin v26.5 - https:\/\/yoast.com\/wordpress\/plugins\/seo\/ -->\n<title>Mez\u0151gazdas\u00e1gi l\u00e1ncok - Donghua<\/title>\n<meta name=\"robots\" content=\"index, follow, max-snippet:-1, max-image-preview:large, max-video-preview:-1\" \/>\n<link rel=\"canonical\" href=\"https:\/\/donghua.eu\/hu\/lancok\/mezogazdasagi-lancok\/\" \/>\n<meta property=\"og:locale\" content=\"hu_HU\" \/>\n<meta property=\"og:type\" content=\"article\" \/>\n<meta property=\"og:title\" content=\"Mez\u0151gazdas\u00e1gi l\u00e1ncok - Donghua\" \/>\n<meta property=\"og:url\" content=\"https:\/\/donghua.eu\/hu\/lancok\/mezogazdasagi-lancok\/\" \/>\n<meta property=\"og:site_name\" content=\"Donghua\" \/>\n<meta property=\"article:modified_time\" content=\"2024-10-18T09:19:51+00:00\" \/>\n<meta name=\"twitter:card\" content=\"summary_large_image\" \/>\n<meta name=\"twitter:label1\" content=\"Becs\u00fclt olvas\u00e1si id\u0151\" \/>\n\t<meta name=\"twitter:data1\" content=\"2 perc\" \/>\n<script type=\"application\/ld+json\" class=\"yoast-schema-graph\">{\"@context\":\"https:\/\/schema.org\",\"@graph\":[{\"@type\":\"WebPage\",\"@id\":\"https:\/\/donghua.eu\/hu\/lancok\/mezogazdasagi-lancok\/\",\"url\":\"https:\/\/donghua.eu\/hu\/lancok\/mezogazdasagi-lancok\/\",\"name\":\"Mez\u0151gazdas\u00e1gi l\u00e1ncok - Donghua\",\"isPartOf\":{\"@id\":\"https:\/\/donghua.eu\/#website\"},\"datePublished\":\"2024-08-23T11:20:00+00:00\",\"dateModified\":\"2024-10-18T09:19:51+00:00\",\"breadcrumb\":{\"@id\":\"https:\/\/donghua.eu\/hu\/lancok\/mezogazdasagi-lancok\/#breadcrumb\"},\"inLanguage\":\"hu\",\"potentialAction\":[{\"@type\":\"ReadAction\",\"target\":[\"https:\/\/donghua.eu\/hu\/lancok\/mezogazdasagi-lancok\/\"]}]},{\"@type\":\"BreadcrumbList\",\"@id\":\"https:\/\/donghua.eu\/hu\/lancok\/mezogazdasagi-lancok\/#breadcrumb\",\"itemListElement\":[{\"@type\":\"ListItem\",\"position\":1,\"name\":\"Home\",\"item\":\"https:\/\/donghua.eu\/hu\/\"},{\"@type\":\"ListItem\",\"position\":2,\"name\":\"L\u00e1ncok\",\"item\":\"https:\/\/donghua.eu\/hu\/lancok\/\"},{\"@type\":\"ListItem\",\"position\":3,\"name\":\"Mez\u0151gazdas\u00e1gi l\u00e1ncok\"}]},{\"@type\":\"WebSite\",\"@id\":\"https:\/\/donghua.eu\/#website\",\"url\":\"https:\/\/donghua.eu\/\",\"name\":\"Donghua\",\"description\":\"Donghua International BV\",\"potentialAction\":[{\"@type\":\"SearchAction\",\"target\":{\"@type\":\"EntryPoint\",\"urlTemplate\":\"https:\/\/donghua.eu\/?s={search_term_string}\"},\"query-input\":{\"@type\":\"PropertyValueSpecification\",\"valueRequired\":true,\"valueName\":\"search_term_string\"}}],\"inLanguage\":\"hu\"}]}<\/script>\n<!-- \/ Yoast SEO plugin. -->","yoast_head_json":{"title":"Mez\u0151gazdas\u00e1gi l\u00e1ncok - Donghua","robots":{"index":"index","follow":"follow","max-snippet":"max-snippet:-1","max-image-preview":"max-image-preview:large","max-video-preview":"max-video-preview:-1"},"canonical":"https:\/\/donghua.eu\/hu\/lancok\/mezogazdasagi-lancok\/","og_locale":"hu_HU","og_type":"article","og_title":"Mez\u0151gazdas\u00e1gi l\u00e1ncok - Donghua","og_url":"https:\/\/donghua.eu\/hu\/lancok\/mezogazdasagi-lancok\/","og_site_name":"Donghua","article_modified_time":"2024-10-18T09:19:51+00:00","twitter_card":"summary_large_image","twitter_misc":{"Becs\u00fclt olvas\u00e1si id\u0151":"2 perc"},"schema":{"@context":"https:\/\/schema.org","@graph":[{"@type":"WebPage","@id":"https:\/\/donghua.eu\/hu\/lancok\/mezogazdasagi-lancok\/","url":"https:\/\/donghua.eu\/hu\/lancok\/mezogazdasagi-lancok\/","name":"Mez\u0151gazdas\u00e1gi l\u00e1ncok - Donghua","isPartOf":{"@id":"https:\/\/donghua.eu\/#website"},"datePublished":"2024-08-23T11:20:00+00:00","dateModified":"2024-10-18T09:19:51+00:00","breadcrumb":{"@id":"https:\/\/donghua.eu\/hu\/lancok\/mezogazdasagi-lancok\/#breadcrumb"},"inLanguage":"hu","potentialAction":[{"@type":"ReadAction","target":["https:\/\/donghua.eu\/hu\/lancok\/mezogazdasagi-lancok\/"]}]},{"@type":"BreadcrumbList","@id":"https:\/\/donghua.eu\/hu\/lancok\/mezogazdasagi-lancok\/#breadcrumb","itemListElement":[{"@type":"ListItem","position":1,"name":"Home","item":"https:\/\/donghua.eu\/hu\/"},{"@type":"ListItem","position":2,"name":"L\u00e1ncok","item":"https:\/\/donghua.eu\/hu\/lancok\/"},{"@type":"ListItem","position":3,"name":"Mez\u0151gazdas\u00e1gi l\u00e1ncok"}]},{"@type":"WebSite","@id":"https:\/\/donghua.eu\/#website","url":"https:\/\/donghua.eu\/","name":"Donghua","description":"Donghua International BV","potentialAction":[{"@type":"SearchAction","target":{"@type":"EntryPoint","urlTemplate":"https:\/\/donghua.eu\/?s={search_term_string}"},"query-input":{"@type":"PropertyValueSpecification","valueRequired":true,"valueName":"search_term_string"}}],"inLanguage":"hu"}]}},"_links":{"self":[{"href":"https:\/\/donghua.eu\/hu\/wp-json\/wp\/v2\/pages\/1768","targetHints":{"allow":["GET"]}}],"collection":[{"href":"https:\/\/donghua.eu\/hu\/wp-json\/wp\/v2\/pages"}],"about":[{"href":"https:\/\/donghua.eu\/hu\/wp-json\/wp\/v2\/types\/page"}],"author":[{"embeddable":true,"href":"https:\/\/donghua.eu\/hu\/wp-json\/wp\/v2\/users\/1"}],"replies":[{"embeddable":true,"href":"https:\/\/donghua.eu\/hu\/wp-json\/wp\/v2\/comments?post=1768"}],"version-history":[{"count":3,"href":"https:\/\/donghua.eu\/hu\/wp-json\/wp\/v2\/pages\/1768\/revisions"}],"predecessor-version":[{"id":2508,"href":"https:\/\/donghua.eu\/hu\/wp-json\/wp\/v2\/pages\/1768\/revisions\/2508"}],"up":[{"embeddable":true,"href":"https:\/\/donghua.eu\/hu\/wp-json\/wp\/v2\/pages\/2163"}],"wp:attachment":[{"href":"https:\/\/donghua.eu\/hu\/wp-json\/wp\/v2\/media?parent=1768"}],"curies":[{"name":"wp","href":"https:\/\/api.w.org\/{rel}","templated":true}]}}