{"id":15173,"date":"2026-02-02T09:58:54","date_gmt":"2026-02-02T08:58:54","guid":{"rendered":"https:\/\/donghua.eu\/?page_id=15173"},"modified":"2026-04-01T15:19:02","modified_gmt":"2026-04-01T13:19:02","slug":"technical-datasheets","status":"publish","type":"page","link":"https:\/\/donghua.eu\/hu\/katalogusok\/technical-datasheets\/","title":{"rendered":"Technical datasheets"},"content":{"rendered":"","protected":false},"excerpt":{"rendered":"","protected":false},"author":14,"featured_media":0,"parent":1680,"menu_order":0,"comment_status":"closed","ping_status":"closed","template":"page-flex.php","meta":{"_acf_changed":false,"footnotes":""},"class_list":["post-15173","page","type-page","status-publish","hentry"],"acf":[],"yoast_head":"<!-- This site is optimized with the Yoast SEO plugin v26.5 - https:\/\/yoast.com\/wordpress\/plugins\/seo\/ -->\n<title>Technical datasheets - Donghua<\/title>\n<meta name=\"robots\" content=\"index, follow, max-snippet:-1, max-image-preview:large, max-video-preview:-1\" \/>\n<link rel=\"canonical\" href=\"https:\/\/donghua.eu\/hu\/katalogusok\/technical-datasheets\/\" \/>\n<meta property=\"og:locale\" content=\"hu_HU\" \/>\n<meta property=\"og:type\" content=\"article\" \/>\n<meta property=\"og:title\" content=\"Technical datasheets - Donghua\" \/>\n<meta property=\"og:url\" content=\"https:\/\/donghua.eu\/hu\/katalogusok\/technical-datasheets\/\" \/>\n<meta property=\"og:site_name\" content=\"Donghua\" \/>\n<meta property=\"article:modified_time\" content=\"2026-04-01T13:19:02+00:00\" \/>\n<meta name=\"twitter:card\" content=\"summary_large_image\" \/>\n<meta name=\"twitter:label1\" content=\"Becs\u00fclt olvas\u00e1si id\u0151\" \/>\n\t<meta name=\"twitter:data1\" content=\"5 perc\" \/>\n<script type=\"application\/ld+json\" class=\"yoast-schema-graph\">{\"@context\":\"https:\/\/schema.org\",\"@graph\":[{\"@type\":\"WebPage\",\"@id\":\"https:\/\/donghua.eu\/hu\/katalogusok\/technical-datasheets\/\",\"url\":\"https:\/\/donghua.eu\/hu\/katalogusok\/technical-datasheets\/\",\"name\":\"Technical datasheets - Donghua\",\"isPartOf\":{\"@id\":\"https:\/\/donghua.eu\/#website\"},\"datePublished\":\"2026-02-02T08:58:54+00:00\",\"dateModified\":\"2026-04-01T13:19:02+00:00\",\"breadcrumb\":{\"@id\":\"https:\/\/donghua.eu\/hu\/katalogusok\/technical-datasheets\/#breadcrumb\"},\"inLanguage\":\"hu\",\"potentialAction\":[{\"@type\":\"ReadAction\",\"target\":[\"https:\/\/donghua.eu\/hu\/katalogusok\/technical-datasheets\/\"]}]},{\"@type\":\"BreadcrumbList\",\"@id\":\"https:\/\/donghua.eu\/hu\/katalogusok\/technical-datasheets\/#breadcrumb\",\"itemListElement\":[{\"@type\":\"ListItem\",\"position\":1,\"name\":\"Home\",\"item\":\"https:\/\/donghua.eu\/hu\/\"},{\"@type\":\"ListItem\",\"position\":2,\"name\":\"Katal\u00f3gusok\",\"item\":\"https:\/\/donghua.eu\/hu\/katalogusok\/\"},{\"@type\":\"ListItem\",\"position\":3,\"name\":\"Technical datasheets\"}]},{\"@type\":\"WebSite\",\"@id\":\"https:\/\/donghua.eu\/#website\",\"url\":\"https:\/\/donghua.eu\/\",\"name\":\"Donghua\",\"description\":\"Donghua International BV\",\"potentialAction\":[{\"@type\":\"SearchAction\",\"target\":{\"@type\":\"EntryPoint\",\"urlTemplate\":\"https:\/\/donghua.eu\/?s={search_term_string}\"},\"query-input\":{\"@type\":\"PropertyValueSpecification\",\"valueRequired\":true,\"valueName\":\"search_term_string\"}}],\"inLanguage\":\"hu\"}]}<\/script>\n<!-- \/ Yoast SEO plugin. -->","yoast_head_json":{"title":"Technical datasheets - Donghua","robots":{"index":"index","follow":"follow","max-snippet":"max-snippet:-1","max-image-preview":"max-image-preview:large","max-video-preview":"max-video-preview:-1"},"canonical":"https:\/\/donghua.eu\/hu\/katalogusok\/technical-datasheets\/","og_locale":"hu_HU","og_type":"article","og_title":"Technical datasheets - Donghua","og_url":"https:\/\/donghua.eu\/hu\/katalogusok\/technical-datasheets\/","og_site_name":"Donghua","article_modified_time":"2026-04-01T13:19:02+00:00","twitter_card":"summary_large_image","twitter_misc":{"Becs\u00fclt olvas\u00e1si id\u0151":"5 perc"},"schema":{"@context":"https:\/\/schema.org","@graph":[{"@type":"WebPage","@id":"https:\/\/donghua.eu\/hu\/katalogusok\/technical-datasheets\/","url":"https:\/\/donghua.eu\/hu\/katalogusok\/technical-datasheets\/","name":"Technical datasheets - Donghua","isPartOf":{"@id":"https:\/\/donghua.eu\/#website"},"datePublished":"2026-02-02T08:58:54+00:00","dateModified":"2026-04-01T13:19:02+00:00","breadcrumb":{"@id":"https:\/\/donghua.eu\/hu\/katalogusok\/technical-datasheets\/#breadcrumb"},"inLanguage":"hu","potentialAction":[{"@type":"ReadAction","target":["https:\/\/donghua.eu\/hu\/katalogusok\/technical-datasheets\/"]}]},{"@type":"BreadcrumbList","@id":"https:\/\/donghua.eu\/hu\/katalogusok\/technical-datasheets\/#breadcrumb","itemListElement":[{"@type":"ListItem","position":1,"name":"Home","item":"https:\/\/donghua.eu\/hu\/"},{"@type":"ListItem","position":2,"name":"Katal\u00f3gusok","item":"https:\/\/donghua.eu\/hu\/katalogusok\/"},{"@type":"ListItem","position":3,"name":"Technical datasheets"}]},{"@type":"WebSite","@id":"https:\/\/donghua.eu\/#website","url":"https:\/\/donghua.eu\/","name":"Donghua","description":"Donghua International BV","potentialAction":[{"@type":"SearchAction","target":{"@type":"EntryPoint","urlTemplate":"https:\/\/donghua.eu\/?s={search_term_string}"},"query-input":{"@type":"PropertyValueSpecification","valueRequired":true,"valueName":"search_term_string"}}],"inLanguage":"hu"}]}},"_links":{"self":[{"href":"https:\/\/donghua.eu\/hu\/wp-json\/wp\/v2\/pages\/15173","targetHints":{"allow":["GET"]}}],"collection":[{"href":"https:\/\/donghua.eu\/hu\/wp-json\/wp\/v2\/pages"}],"about":[{"href":"https:\/\/donghua.eu\/hu\/wp-json\/wp\/v2\/types\/page"}],"author":[{"embeddable":true,"href":"https:\/\/donghua.eu\/hu\/wp-json\/wp\/v2\/users\/14"}],"replies":[{"embeddable":true,"href":"https:\/\/donghua.eu\/hu\/wp-json\/wp\/v2\/comments?post=15173"}],"version-history":[{"count":16,"href":"https:\/\/donghua.eu\/hu\/wp-json\/wp\/v2\/pages\/15173\/revisions"}],"predecessor-version":[{"id":17434,"href":"https:\/\/donghua.eu\/hu\/wp-json\/wp\/v2\/pages\/15173\/revisions\/17434"}],"up":[{"embeddable":true,"href":"https:\/\/donghua.eu\/hu\/wp-json\/wp\/v2\/pages\/1680"}],"wp:attachment":[{"href":"https:\/\/donghua.eu\/hu\/wp-json\/wp\/v2\/media?parent=15173"}],"curies":[{"name":"wp","href":"https:\/\/api.w.org\/{rel}","templated":true}]}}