{"id":14387,"date":"2025-09-17T11:26:23","date_gmt":"2025-09-17T09:26:23","guid":{"rendered":"https:\/\/donghua.eu\/premium-chain-solutions-for-distributors-mro-partners-oems\/"},"modified":"2025-10-10T14:22:33","modified_gmt":"2025-10-10T12:22:33","slug":"dk-premium-chain-solutions-for-distributors-mro-partners-oems","status":"publish","type":"page","link":"https:\/\/donghua.eu\/hu\/dk-premium-chain-solutions-for-distributors-mro-partners-oems\/","title":{"rendered":"Premium k\u00e6del\u00f8sninger til distribut\u00f8rer, MRO-partnere og OEM\u2019er"},"content":{"rendered":"","protected":false},"excerpt":{"rendered":"","protected":false},"author":6,"featured_media":14198,"parent":0,"menu_order":0,"comment_status":"closed","ping_status":"closed","template":"page-flex.php","meta":{"_acf_changed":false,"footnotes":""},"class_list":["post-14387","page","type-page","status-publish","has-post-thumbnail","hentry"],"acf":[],"yoast_head":"<!-- This site is optimized with the Yoast SEO plugin v26.5 - https:\/\/yoast.com\/wordpress\/plugins\/seo\/ -->\n<title>Premium k\u00e6del\u00f8sninger til distribut\u00f8rer, MRO-partnere og OEM\u2019er - Donghua<\/title>\n<meta name=\"robots\" content=\"index, follow, max-snippet:-1, max-image-preview:large, max-video-preview:-1\" \/>\n<link rel=\"canonical\" href=\"https:\/\/donghua.eu\/hu\/dk-premium-chain-solutions-for-distributors-mro-partners-oems\/\" \/>\n<meta property=\"og:locale\" content=\"hu_HU\" \/>\n<meta property=\"og:type\" content=\"article\" \/>\n<meta property=\"og:title\" content=\"Premium k\u00e6del\u00f8sninger til distribut\u00f8rer, MRO-partnere og OEM\u2019er - Donghua\" \/>\n<meta property=\"og:url\" content=\"https:\/\/donghua.eu\/hu\/dk-premium-chain-solutions-for-distributors-mro-partners-oems\/\" \/>\n<meta property=\"og:site_name\" content=\"Donghua\" \/>\n<meta property=\"article:modified_time\" content=\"2025-10-10T12:22:33+00:00\" \/>\n<meta property=\"og:image\" content=\"https:\/\/donghua.eu\/wp-content\/uploads\/2025\/09\/MGC4186-scaled.jpg\" \/>\n\t<meta property=\"og:image:width\" content=\"2560\" \/>\n\t<meta property=\"og:image:height\" content=\"1708\" \/>\n\t<meta property=\"og:image:type\" content=\"image\/jpeg\" \/>\n<meta name=\"twitter:card\" content=\"summary_large_image\" \/>\n<meta name=\"twitter:label1\" content=\"Becs\u00fclt olvas\u00e1si id\u0151\" \/>\n\t<meta name=\"twitter:data1\" content=\"4 perc\" \/>\n<script type=\"application\/ld+json\" class=\"yoast-schema-graph\">{\"@context\":\"https:\/\/schema.org\",\"@graph\":[{\"@type\":\"WebPage\",\"@id\":\"https:\/\/donghua.eu\/hu\/dk-premium-chain-solutions-for-distributors-mro-partners-oems\/\",\"url\":\"https:\/\/donghua.eu\/hu\/dk-premium-chain-solutions-for-distributors-mro-partners-oems\/\",\"name\":\"Premium k\u00e6del\u00f8sninger til distribut\u00f8rer, MRO-partnere og OEM\u2019er - Donghua\",\"isPartOf\":{\"@id\":\"https:\/\/donghua.eu\/#website\"},\"primaryImageOfPage\":{\"@id\":\"https:\/\/donghua.eu\/hu\/dk-premium-chain-solutions-for-distributors-mro-partners-oems\/#primaryimage\"},\"image\":{\"@id\":\"https:\/\/donghua.eu\/hu\/dk-premium-chain-solutions-for-distributors-mro-partners-oems\/#primaryimage\"},\"thumbnailUrl\":\"https:\/\/donghua.eu\/wp-content\/uploads\/2025\/09\/MGC4186-scaled.jpg\",\"datePublished\":\"2025-09-17T09:26:23+00:00\",\"dateModified\":\"2025-10-10T12:22:33+00:00\",\"breadcrumb\":{\"@id\":\"https:\/\/donghua.eu\/hu\/dk-premium-chain-solutions-for-distributors-mro-partners-oems\/#breadcrumb\"},\"inLanguage\":\"hu\",\"potentialAction\":[{\"@type\":\"ReadAction\",\"target\":[\"https:\/\/donghua.eu\/hu\/dk-premium-chain-solutions-for-distributors-mro-partners-oems\/\"]}]},{\"@type\":\"ImageObject\",\"inLanguage\":\"hu\",\"@id\":\"https:\/\/donghua.eu\/hu\/dk-premium-chain-solutions-for-distributors-mro-partners-oems\/#primaryimage\",\"url\":\"https:\/\/donghua.eu\/wp-content\/uploads\/2025\/09\/MGC4186-scaled.jpg\",\"contentUrl\":\"https:\/\/donghua.eu\/wp-content\/uploads\/2025\/09\/MGC4186-scaled.jpg\",\"width\":2560,\"height\":1708},{\"@type\":\"BreadcrumbList\",\"@id\":\"https:\/\/donghua.eu\/hu\/dk-premium-chain-solutions-for-distributors-mro-partners-oems\/#breadcrumb\",\"itemListElement\":[{\"@type\":\"ListItem\",\"position\":1,\"name\":\"Home\",\"item\":\"https:\/\/donghua.eu\/hu\/\"},{\"@type\":\"ListItem\",\"position\":2,\"name\":\"Premium k\u00e6del\u00f8sninger til distribut\u00f8rer, MRO-partnere og OEM\u2019er\"}]},{\"@type\":\"WebSite\",\"@id\":\"https:\/\/donghua.eu\/#website\",\"url\":\"https:\/\/donghua.eu\/\",\"name\":\"Donghua\",\"description\":\"Donghua International BV\",\"potentialAction\":[{\"@type\":\"SearchAction\",\"target\":{\"@type\":\"EntryPoint\",\"urlTemplate\":\"https:\/\/donghua.eu\/?s={search_term_string}\"},\"query-input\":{\"@type\":\"PropertyValueSpecification\",\"valueRequired\":true,\"valueName\":\"search_term_string\"}}],\"inLanguage\":\"hu\"}]}<\/script>\n<!-- \/ Yoast SEO plugin. -->","yoast_head_json":{"title":"Premium k\u00e6del\u00f8sninger til distribut\u00f8rer, MRO-partnere og OEM\u2019er - Donghua","robots":{"index":"index","follow":"follow","max-snippet":"max-snippet:-1","max-image-preview":"max-image-preview:large","max-video-preview":"max-video-preview:-1"},"canonical":"https:\/\/donghua.eu\/hu\/dk-premium-chain-solutions-for-distributors-mro-partners-oems\/","og_locale":"hu_HU","og_type":"article","og_title":"Premium k\u00e6del\u00f8sninger til distribut\u00f8rer, MRO-partnere og OEM\u2019er - Donghua","og_url":"https:\/\/donghua.eu\/hu\/dk-premium-chain-solutions-for-distributors-mro-partners-oems\/","og_site_name":"Donghua","article_modified_time":"2025-10-10T12:22:33+00:00","og_image":[{"width":2560,"height":1708,"url":"https:\/\/donghua.eu\/wp-content\/uploads\/2025\/09\/MGC4186-scaled.jpg","type":"image\/jpeg"}],"twitter_card":"summary_large_image","twitter_misc":{"Becs\u00fclt olvas\u00e1si id\u0151":"4 perc"},"schema":{"@context":"https:\/\/schema.org","@graph":[{"@type":"WebPage","@id":"https:\/\/donghua.eu\/hu\/dk-premium-chain-solutions-for-distributors-mro-partners-oems\/","url":"https:\/\/donghua.eu\/hu\/dk-premium-chain-solutions-for-distributors-mro-partners-oems\/","name":"Premium k\u00e6del\u00f8sninger til distribut\u00f8rer, MRO-partnere og OEM\u2019er - Donghua","isPartOf":{"@id":"https:\/\/donghua.eu\/#website"},"primaryImageOfPage":{"@id":"https:\/\/donghua.eu\/hu\/dk-premium-chain-solutions-for-distributors-mro-partners-oems\/#primaryimage"},"image":{"@id":"https:\/\/donghua.eu\/hu\/dk-premium-chain-solutions-for-distributors-mro-partners-oems\/#primaryimage"},"thumbnailUrl":"https:\/\/donghua.eu\/wp-content\/uploads\/2025\/09\/MGC4186-scaled.jpg","datePublished":"2025-09-17T09:26:23+00:00","dateModified":"2025-10-10T12:22:33+00:00","breadcrumb":{"@id":"https:\/\/donghua.eu\/hu\/dk-premium-chain-solutions-for-distributors-mro-partners-oems\/#breadcrumb"},"inLanguage":"hu","potentialAction":[{"@type":"ReadAction","target":["https:\/\/donghua.eu\/hu\/dk-premium-chain-solutions-for-distributors-mro-partners-oems\/"]}]},{"@type":"ImageObject","inLanguage":"hu","@id":"https:\/\/donghua.eu\/hu\/dk-premium-chain-solutions-for-distributors-mro-partners-oems\/#primaryimage","url":"https:\/\/donghua.eu\/wp-content\/uploads\/2025\/09\/MGC4186-scaled.jpg","contentUrl":"https:\/\/donghua.eu\/wp-content\/uploads\/2025\/09\/MGC4186-scaled.jpg","width":2560,"height":1708},{"@type":"BreadcrumbList","@id":"https:\/\/donghua.eu\/hu\/dk-premium-chain-solutions-for-distributors-mro-partners-oems\/#breadcrumb","itemListElement":[{"@type":"ListItem","position":1,"name":"Home","item":"https:\/\/donghua.eu\/hu\/"},{"@type":"ListItem","position":2,"name":"Premium k\u00e6del\u00f8sninger til distribut\u00f8rer, MRO-partnere og OEM\u2019er"}]},{"@type":"WebSite","@id":"https:\/\/donghua.eu\/#website","url":"https:\/\/donghua.eu\/","name":"Donghua","description":"Donghua International BV","potentialAction":[{"@type":"SearchAction","target":{"@type":"EntryPoint","urlTemplate":"https:\/\/donghua.eu\/?s={search_term_string}"},"query-input":{"@type":"PropertyValueSpecification","valueRequired":true,"valueName":"search_term_string"}}],"inLanguage":"hu"}]}},"_links":{"self":[{"href":"https:\/\/donghua.eu\/hu\/wp-json\/wp\/v2\/pages\/14387","targetHints":{"allow":["GET"]}}],"collection":[{"href":"https:\/\/donghua.eu\/hu\/wp-json\/wp\/v2\/pages"}],"about":[{"href":"https:\/\/donghua.eu\/hu\/wp-json\/wp\/v2\/types\/page"}],"author":[{"embeddable":true,"href":"https:\/\/donghua.eu\/hu\/wp-json\/wp\/v2\/users\/6"}],"replies":[{"embeddable":true,"href":"https:\/\/donghua.eu\/hu\/wp-json\/wp\/v2\/comments?post=14387"}],"version-history":[{"count":2,"href":"https:\/\/donghua.eu\/hu\/wp-json\/wp\/v2\/pages\/14387\/revisions"}],"predecessor-version":[{"id":14391,"href":"https:\/\/donghua.eu\/hu\/wp-json\/wp\/v2\/pages\/14387\/revisions\/14391"}],"wp:featuredmedia":[{"embeddable":true,"href":"https:\/\/donghua.eu\/hu\/wp-json\/wp\/v2\/media\/14198"}],"wp:attachment":[{"href":"https:\/\/donghua.eu\/hu\/wp-json\/wp\/v2\/media?parent=14387"}],"curies":[{"name":"wp","href":"https:\/\/api.w.org\/{rel}","templated":true}]}}