{"id":14060,"date":"2025-05-23T11:08:30","date_gmt":"2025-05-23T09:08:30","guid":{"rendered":"https:\/\/donghua.eu\/ipari-gorgos-lancok\/szallitolancok\/gripper-and-attachment-chains\/"},"modified":"2025-09-05T16:05:31","modified_gmt":"2025-09-05T14:05:31","slug":"fogo-es-tartozek-lancok","status":"publish","type":"page","link":"https:\/\/donghua.eu\/hu\/ipari-gorgos-lancok\/szallitolancok\/fogo-es-tartozek-lancok\/","title":{"rendered":"fog\u00f3- \u00e9s tartoz\u00e9k l\u00e1ncok"},"content":{"rendered":"","protected":false},"excerpt":{"rendered":"","protected":false},"author":15,"featured_media":0,"parent":14027,"menu_order":0,"comment_status":"closed","ping_status":"closed","template":"page-flex.php","meta":{"_acf_changed":false,"footnotes":""},"class_list":["post-14060","page","type-page","status-publish","hentry"],"acf":[],"yoast_head":"<!-- This site is optimized with the Yoast SEO plugin v26.5 - https:\/\/yoast.com\/wordpress\/plugins\/seo\/ -->\n<title>fog\u00f3- \u00e9s tartoz\u00e9k l\u00e1ncok - Donghua<\/title>\n<meta name=\"description\" content=\"Az csomagol\u00e1st\u00f3l a gy\u00e1rt\u00e1sig: a fog\u00f3- \u00e9s tartoz\u00e9k l\u00e1ncok biztos\u00edtj\u00e1k az \u00e1ruk stabil \u00e9s ellen\u0151rz\u00f6tt sz\u00e1ll\u00edt\u00e1s\u00e1t k\u00fcl\u00f6nb\u00f6z\u0151 ipar\u00e1gakban.\" \/>\n<meta name=\"robots\" content=\"index, follow, max-snippet:-1, max-image-preview:large, max-video-preview:-1\" \/>\n<link rel=\"canonical\" href=\"https:\/\/donghua.eu\/hu\/ipari-gorgos-lancok\/szallitolancok\/fogo-es-tartozek-lancok\/\" \/>\n<meta property=\"og:locale\" content=\"hu_HU\" \/>\n<meta property=\"og:type\" content=\"article\" \/>\n<meta property=\"og:title\" content=\"fog\u00f3- \u00e9s tartoz\u00e9k l\u00e1ncok - Donghua\" \/>\n<meta property=\"og:description\" content=\"Az csomagol\u00e1st\u00f3l a gy\u00e1rt\u00e1sig: a fog\u00f3- \u00e9s tartoz\u00e9k l\u00e1ncok biztos\u00edtj\u00e1k az \u00e1ruk stabil \u00e9s ellen\u0151rz\u00f6tt sz\u00e1ll\u00edt\u00e1s\u00e1t k\u00fcl\u00f6nb\u00f6z\u0151 ipar\u00e1gakban.\" \/>\n<meta property=\"og:url\" content=\"https:\/\/donghua.eu\/hu\/ipari-gorgos-lancok\/szallitolancok\/fogo-es-tartozek-lancok\/\" \/>\n<meta property=\"og:site_name\" content=\"Donghua\" \/>\n<meta property=\"article:modified_time\" content=\"2025-09-05T14:05:31+00:00\" \/>\n<meta name=\"twitter:card\" content=\"summary_large_image\" \/>\n<meta name=\"twitter:label1\" content=\"Becs\u00fclt olvas\u00e1si id\u0151\" \/>\n\t<meta name=\"twitter:data1\" content=\"4 perc\" \/>\n<script type=\"application\/ld+json\" class=\"yoast-schema-graph\">{\"@context\":\"https:\/\/schema.org\",\"@graph\":[{\"@type\":\"WebPage\",\"@id\":\"https:\/\/donghua.eu\/hu\/ipari-gorgos-lancok\/szallitolancok\/fogo-es-tartozek-lancok\/\",\"url\":\"https:\/\/donghua.eu\/hu\/ipari-gorgos-lancok\/szallitolancok\/fogo-es-tartozek-lancok\/\",\"name\":\"fog\u00f3- \u00e9s tartoz\u00e9k l\u00e1ncok - Donghua\",\"isPartOf\":{\"@id\":\"https:\/\/donghua.eu\/#website\"},\"datePublished\":\"2025-05-23T09:08:30+00:00\",\"dateModified\":\"2025-09-05T14:05:31+00:00\",\"description\":\"Az csomagol\u00e1st\u00f3l a gy\u00e1rt\u00e1sig: a fog\u00f3- \u00e9s tartoz\u00e9k l\u00e1ncok biztos\u00edtj\u00e1k az \u00e1ruk stabil \u00e9s ellen\u0151rz\u00f6tt sz\u00e1ll\u00edt\u00e1s\u00e1t k\u00fcl\u00f6nb\u00f6z\u0151 ipar\u00e1gakban.\",\"breadcrumb\":{\"@id\":\"https:\/\/donghua.eu\/hu\/ipari-gorgos-lancok\/szallitolancok\/fogo-es-tartozek-lancok\/#breadcrumb\"},\"inLanguage\":\"hu\",\"potentialAction\":[{\"@type\":\"ReadAction\",\"target\":[\"https:\/\/donghua.eu\/hu\/ipari-gorgos-lancok\/szallitolancok\/fogo-es-tartozek-lancok\/\"]}]},{\"@type\":\"BreadcrumbList\",\"@id\":\"https:\/\/donghua.eu\/hu\/ipari-gorgos-lancok\/szallitolancok\/fogo-es-tartozek-lancok\/#breadcrumb\",\"itemListElement\":[{\"@type\":\"ListItem\",\"position\":1,\"name\":\"Home\",\"item\":\"https:\/\/donghua.eu\/hu\/\"},{\"@type\":\"ListItem\",\"position\":2,\"name\":\"Ipari g\u00f6rg\u0151s l\u00e1ncok\",\"item\":\"https:\/\/donghua.eu\/hu\/ipari-gorgos-lancok\/\"},{\"@type\":\"ListItem\",\"position\":3,\"name\":\"Sz\u00e1ll\u00edt\u00f3l\u00e1ncok\",\"item\":\"https:\/\/donghua.eu\/hu\/ipari-gorgos-lancok\/szallitolancok\/\"},{\"@type\":\"ListItem\",\"position\":4,\"name\":\"fog\u00f3- \u00e9s tartoz\u00e9k l\u00e1ncok\"}]},{\"@type\":\"WebSite\",\"@id\":\"https:\/\/donghua.eu\/#website\",\"url\":\"https:\/\/donghua.eu\/\",\"name\":\"Donghua\",\"description\":\"Donghua International BV\",\"potentialAction\":[{\"@type\":\"SearchAction\",\"target\":{\"@type\":\"EntryPoint\",\"urlTemplate\":\"https:\/\/donghua.eu\/?s={search_term_string}\"},\"query-input\":{\"@type\":\"PropertyValueSpecification\",\"valueRequired\":true,\"valueName\":\"search_term_string\"}}],\"inLanguage\":\"hu\"}]}<\/script>\n<!-- \/ Yoast SEO plugin. -->","yoast_head_json":{"title":"fog\u00f3- \u00e9s tartoz\u00e9k l\u00e1ncok - Donghua","description":"Az csomagol\u00e1st\u00f3l a gy\u00e1rt\u00e1sig: a fog\u00f3- \u00e9s tartoz\u00e9k l\u00e1ncok biztos\u00edtj\u00e1k az \u00e1ruk stabil \u00e9s ellen\u0151rz\u00f6tt sz\u00e1ll\u00edt\u00e1s\u00e1t k\u00fcl\u00f6nb\u00f6z\u0151 ipar\u00e1gakban.","robots":{"index":"index","follow":"follow","max-snippet":"max-snippet:-1","max-image-preview":"max-image-preview:large","max-video-preview":"max-video-preview:-1"},"canonical":"https:\/\/donghua.eu\/hu\/ipari-gorgos-lancok\/szallitolancok\/fogo-es-tartozek-lancok\/","og_locale":"hu_HU","og_type":"article","og_title":"fog\u00f3- \u00e9s tartoz\u00e9k l\u00e1ncok - Donghua","og_description":"Az csomagol\u00e1st\u00f3l a gy\u00e1rt\u00e1sig: a fog\u00f3- \u00e9s tartoz\u00e9k l\u00e1ncok biztos\u00edtj\u00e1k az \u00e1ruk stabil \u00e9s ellen\u0151rz\u00f6tt sz\u00e1ll\u00edt\u00e1s\u00e1t k\u00fcl\u00f6nb\u00f6z\u0151 ipar\u00e1gakban.","og_url":"https:\/\/donghua.eu\/hu\/ipari-gorgos-lancok\/szallitolancok\/fogo-es-tartozek-lancok\/","og_site_name":"Donghua","article_modified_time":"2025-09-05T14:05:31+00:00","twitter_card":"summary_large_image","twitter_misc":{"Becs\u00fclt olvas\u00e1si id\u0151":"4 perc"},"schema":{"@context":"https:\/\/schema.org","@graph":[{"@type":"WebPage","@id":"https:\/\/donghua.eu\/hu\/ipari-gorgos-lancok\/szallitolancok\/fogo-es-tartozek-lancok\/","url":"https:\/\/donghua.eu\/hu\/ipari-gorgos-lancok\/szallitolancok\/fogo-es-tartozek-lancok\/","name":"fog\u00f3- \u00e9s tartoz\u00e9k l\u00e1ncok - Donghua","isPartOf":{"@id":"https:\/\/donghua.eu\/#website"},"datePublished":"2025-05-23T09:08:30+00:00","dateModified":"2025-09-05T14:05:31+00:00","description":"Az csomagol\u00e1st\u00f3l a gy\u00e1rt\u00e1sig: a fog\u00f3- \u00e9s tartoz\u00e9k l\u00e1ncok biztos\u00edtj\u00e1k az \u00e1ruk stabil \u00e9s ellen\u0151rz\u00f6tt sz\u00e1ll\u00edt\u00e1s\u00e1t k\u00fcl\u00f6nb\u00f6z\u0151 ipar\u00e1gakban.","breadcrumb":{"@id":"https:\/\/donghua.eu\/hu\/ipari-gorgos-lancok\/szallitolancok\/fogo-es-tartozek-lancok\/#breadcrumb"},"inLanguage":"hu","potentialAction":[{"@type":"ReadAction","target":["https:\/\/donghua.eu\/hu\/ipari-gorgos-lancok\/szallitolancok\/fogo-es-tartozek-lancok\/"]}]},{"@type":"BreadcrumbList","@id":"https:\/\/donghua.eu\/hu\/ipari-gorgos-lancok\/szallitolancok\/fogo-es-tartozek-lancok\/#breadcrumb","itemListElement":[{"@type":"ListItem","position":1,"name":"Home","item":"https:\/\/donghua.eu\/hu\/"},{"@type":"ListItem","position":2,"name":"Ipari g\u00f6rg\u0151s l\u00e1ncok","item":"https:\/\/donghua.eu\/hu\/ipari-gorgos-lancok\/"},{"@type":"ListItem","position":3,"name":"Sz\u00e1ll\u00edt\u00f3l\u00e1ncok","item":"https:\/\/donghua.eu\/hu\/ipari-gorgos-lancok\/szallitolancok\/"},{"@type":"ListItem","position":4,"name":"fog\u00f3- \u00e9s tartoz\u00e9k l\u00e1ncok"}]},{"@type":"WebSite","@id":"https:\/\/donghua.eu\/#website","url":"https:\/\/donghua.eu\/","name":"Donghua","description":"Donghua International BV","potentialAction":[{"@type":"SearchAction","target":{"@type":"EntryPoint","urlTemplate":"https:\/\/donghua.eu\/?s={search_term_string}"},"query-input":{"@type":"PropertyValueSpecification","valueRequired":true,"valueName":"search_term_string"}}],"inLanguage":"hu"}]}},"_links":{"self":[{"href":"https:\/\/donghua.eu\/hu\/wp-json\/wp\/v2\/pages\/14060","targetHints":{"allow":["GET"]}}],"collection":[{"href":"https:\/\/donghua.eu\/hu\/wp-json\/wp\/v2\/pages"}],"about":[{"href":"https:\/\/donghua.eu\/hu\/wp-json\/wp\/v2\/types\/page"}],"author":[{"embeddable":true,"href":"https:\/\/donghua.eu\/hu\/wp-json\/wp\/v2\/users\/15"}],"replies":[{"embeddable":true,"href":"https:\/\/donghua.eu\/hu\/wp-json\/wp\/v2\/comments?post=14060"}],"version-history":[{"count":2,"href":"https:\/\/donghua.eu\/hu\/wp-json\/wp\/v2\/pages\/14060\/revisions"}],"predecessor-version":[{"id":14062,"href":"https:\/\/donghua.eu\/hu\/wp-json\/wp\/v2\/pages\/14060\/revisions\/14062"}],"up":[{"embeddable":true,"href":"https:\/\/donghua.eu\/hu\/wp-json\/wp\/v2\/pages\/14027"}],"wp:attachment":[{"href":"https:\/\/donghua.eu\/hu\/wp-json\/wp\/v2\/media?parent=14060"}],"curies":[{"name":"wp","href":"https:\/\/api.w.org\/{rel}","templated":true}]}}