{"id":14027,"date":"2025-05-23T16:25:13","date_gmt":"2025-05-23T14:25:13","guid":{"rendered":"https:\/\/donghua.eu\/ipari-gorgos-lancok\/conveyor-chains\/"},"modified":"2025-09-05T13:21:48","modified_gmt":"2025-09-05T11:21:48","slug":"szallitolancok","status":"publish","type":"page","link":"https:\/\/donghua.eu\/hu\/ipari-gorgos-lancok\/szallitolancok\/","title":{"rendered":"Sz\u00e1ll\u00edt\u00f3l\u00e1ncok"},"content":{"rendered":"","protected":false},"excerpt":{"rendered":"","protected":false},"author":15,"featured_media":0,"parent":12550,"menu_order":0,"comment_status":"closed","ping_status":"closed","template":"page-flex.php","meta":{"_acf_changed":false,"footnotes":""},"class_list":["post-14027","page","type-page","status-publish","hentry"],"acf":[],"yoast_head":"<!-- This site is optimized with the Yoast SEO plugin v26.5 - https:\/\/yoast.com\/wordpress\/plugins\/seo\/ -->\n<title>Sz\u00e1ll\u00edt\u00f3l\u00e1ncok - Donghua<\/title>\n<meta name=\"description\" content=\"Optimaliz\u00e1lja folyamatait sz\u00e1ll\u00edt\u00f3l\u00e1ncokkal, \u00e9s ismerje meg a Donghua megold\u00e1sait a megb\u00edzhat\u00f3 rendszerekhez\" \/>\n<meta name=\"robots\" content=\"index, follow, max-snippet:-1, max-image-preview:large, max-video-preview:-1\" \/>\n<link rel=\"canonical\" href=\"https:\/\/donghua.eu\/hu\/ipari-gorgos-lancok\/szallitolancok\/\" \/>\n<meta property=\"og:locale\" content=\"hu_HU\" \/>\n<meta property=\"og:type\" content=\"article\" \/>\n<meta property=\"og:title\" content=\"Sz\u00e1ll\u00edt\u00f3l\u00e1ncok - Donghua\" \/>\n<meta property=\"og:description\" content=\"Optimaliz\u00e1lja folyamatait sz\u00e1ll\u00edt\u00f3l\u00e1ncokkal, \u00e9s ismerje meg a Donghua megold\u00e1sait a megb\u00edzhat\u00f3 rendszerekhez\" \/>\n<meta property=\"og:url\" content=\"https:\/\/donghua.eu\/hu\/ipari-gorgos-lancok\/szallitolancok\/\" \/>\n<meta property=\"og:site_name\" content=\"Donghua\" \/>\n<meta property=\"article:modified_time\" content=\"2025-09-05T11:21:48+00:00\" \/>\n<meta name=\"twitter:card\" content=\"summary_large_image\" \/>\n<meta name=\"twitter:label1\" content=\"Becs\u00fclt olvas\u00e1si id\u0151\" \/>\n\t<meta name=\"twitter:data1\" content=\"3 perc\" \/>\n<script type=\"application\/ld+json\" class=\"yoast-schema-graph\">{\"@context\":\"https:\/\/schema.org\",\"@graph\":[{\"@type\":\"WebPage\",\"@id\":\"https:\/\/donghua.eu\/hu\/ipari-gorgos-lancok\/szallitolancok\/\",\"url\":\"https:\/\/donghua.eu\/hu\/ipari-gorgos-lancok\/szallitolancok\/\",\"name\":\"Sz\u00e1ll\u00edt\u00f3l\u00e1ncok - Donghua\",\"isPartOf\":{\"@id\":\"https:\/\/donghua.eu\/#website\"},\"datePublished\":\"2025-05-23T14:25:13+00:00\",\"dateModified\":\"2025-09-05T11:21:48+00:00\",\"description\":\"Optimaliz\u00e1lja folyamatait sz\u00e1ll\u00edt\u00f3l\u00e1ncokkal, \u00e9s ismerje meg a Donghua megold\u00e1sait a megb\u00edzhat\u00f3 rendszerekhez\",\"breadcrumb\":{\"@id\":\"https:\/\/donghua.eu\/hu\/ipari-gorgos-lancok\/szallitolancok\/#breadcrumb\"},\"inLanguage\":\"hu\",\"potentialAction\":[{\"@type\":\"ReadAction\",\"target\":[\"https:\/\/donghua.eu\/hu\/ipari-gorgos-lancok\/szallitolancok\/\"]}]},{\"@type\":\"BreadcrumbList\",\"@id\":\"https:\/\/donghua.eu\/hu\/ipari-gorgos-lancok\/szallitolancok\/#breadcrumb\",\"itemListElement\":[{\"@type\":\"ListItem\",\"position\":1,\"name\":\"Home\",\"item\":\"https:\/\/donghua.eu\/hu\/\"},{\"@type\":\"ListItem\",\"position\":2,\"name\":\"Ipari g\u00f6rg\u0151s l\u00e1ncok\",\"item\":\"https:\/\/donghua.eu\/hu\/ipari-gorgos-lancok\/\"},{\"@type\":\"ListItem\",\"position\":3,\"name\":\"Sz\u00e1ll\u00edt\u00f3l\u00e1ncok\"}]},{\"@type\":\"WebSite\",\"@id\":\"https:\/\/donghua.eu\/#website\",\"url\":\"https:\/\/donghua.eu\/\",\"name\":\"Donghua\",\"description\":\"Donghua International BV\",\"potentialAction\":[{\"@type\":\"SearchAction\",\"target\":{\"@type\":\"EntryPoint\",\"urlTemplate\":\"https:\/\/donghua.eu\/?s={search_term_string}\"},\"query-input\":{\"@type\":\"PropertyValueSpecification\",\"valueRequired\":true,\"valueName\":\"search_term_string\"}}],\"inLanguage\":\"hu\"}]}<\/script>\n<!-- \/ Yoast SEO plugin. -->","yoast_head_json":{"title":"Sz\u00e1ll\u00edt\u00f3l\u00e1ncok - Donghua","description":"Optimaliz\u00e1lja folyamatait sz\u00e1ll\u00edt\u00f3l\u00e1ncokkal, \u00e9s ismerje meg a Donghua megold\u00e1sait a megb\u00edzhat\u00f3 rendszerekhez","robots":{"index":"index","follow":"follow","max-snippet":"max-snippet:-1","max-image-preview":"max-image-preview:large","max-video-preview":"max-video-preview:-1"},"canonical":"https:\/\/donghua.eu\/hu\/ipari-gorgos-lancok\/szallitolancok\/","og_locale":"hu_HU","og_type":"article","og_title":"Sz\u00e1ll\u00edt\u00f3l\u00e1ncok - Donghua","og_description":"Optimaliz\u00e1lja folyamatait sz\u00e1ll\u00edt\u00f3l\u00e1ncokkal, \u00e9s ismerje meg a Donghua megold\u00e1sait a megb\u00edzhat\u00f3 rendszerekhez","og_url":"https:\/\/donghua.eu\/hu\/ipari-gorgos-lancok\/szallitolancok\/","og_site_name":"Donghua","article_modified_time":"2025-09-05T11:21:48+00:00","twitter_card":"summary_large_image","twitter_misc":{"Becs\u00fclt olvas\u00e1si id\u0151":"3 perc"},"schema":{"@context":"https:\/\/schema.org","@graph":[{"@type":"WebPage","@id":"https:\/\/donghua.eu\/hu\/ipari-gorgos-lancok\/szallitolancok\/","url":"https:\/\/donghua.eu\/hu\/ipari-gorgos-lancok\/szallitolancok\/","name":"Sz\u00e1ll\u00edt\u00f3l\u00e1ncok - Donghua","isPartOf":{"@id":"https:\/\/donghua.eu\/#website"},"datePublished":"2025-05-23T14:25:13+00:00","dateModified":"2025-09-05T11:21:48+00:00","description":"Optimaliz\u00e1lja folyamatait sz\u00e1ll\u00edt\u00f3l\u00e1ncokkal, \u00e9s ismerje meg a Donghua megold\u00e1sait a megb\u00edzhat\u00f3 rendszerekhez","breadcrumb":{"@id":"https:\/\/donghua.eu\/hu\/ipari-gorgos-lancok\/szallitolancok\/#breadcrumb"},"inLanguage":"hu","potentialAction":[{"@type":"ReadAction","target":["https:\/\/donghua.eu\/hu\/ipari-gorgos-lancok\/szallitolancok\/"]}]},{"@type":"BreadcrumbList","@id":"https:\/\/donghua.eu\/hu\/ipari-gorgos-lancok\/szallitolancok\/#breadcrumb","itemListElement":[{"@type":"ListItem","position":1,"name":"Home","item":"https:\/\/donghua.eu\/hu\/"},{"@type":"ListItem","position":2,"name":"Ipari g\u00f6rg\u0151s l\u00e1ncok","item":"https:\/\/donghua.eu\/hu\/ipari-gorgos-lancok\/"},{"@type":"ListItem","position":3,"name":"Sz\u00e1ll\u00edt\u00f3l\u00e1ncok"}]},{"@type":"WebSite","@id":"https:\/\/donghua.eu\/#website","url":"https:\/\/donghua.eu\/","name":"Donghua","description":"Donghua International BV","potentialAction":[{"@type":"SearchAction","target":{"@type":"EntryPoint","urlTemplate":"https:\/\/donghua.eu\/?s={search_term_string}"},"query-input":{"@type":"PropertyValueSpecification","valueRequired":true,"valueName":"search_term_string"}}],"inLanguage":"hu"}]}},"_links":{"self":[{"href":"https:\/\/donghua.eu\/hu\/wp-json\/wp\/v2\/pages\/14027","targetHints":{"allow":["GET"]}}],"collection":[{"href":"https:\/\/donghua.eu\/hu\/wp-json\/wp\/v2\/pages"}],"about":[{"href":"https:\/\/donghua.eu\/hu\/wp-json\/wp\/v2\/types\/page"}],"author":[{"embeddable":true,"href":"https:\/\/donghua.eu\/hu\/wp-json\/wp\/v2\/users\/15"}],"replies":[{"embeddable":true,"href":"https:\/\/donghua.eu\/hu\/wp-json\/wp\/v2\/comments?post=14027"}],"version-history":[{"count":2,"href":"https:\/\/donghua.eu\/hu\/wp-json\/wp\/v2\/pages\/14027\/revisions"}],"predecessor-version":[{"id":14029,"href":"https:\/\/donghua.eu\/hu\/wp-json\/wp\/v2\/pages\/14027\/revisions\/14029"}],"up":[{"embeddable":true,"href":"https:\/\/donghua.eu\/hu\/wp-json\/wp\/v2\/pages\/12550"}],"wp:attachment":[{"href":"https:\/\/donghua.eu\/hu\/wp-json\/wp\/v2\/media?parent=14027"}],"curies":[{"name":"wp","href":"https:\/\/api.w.org\/{rel}","templated":true}]}}