{"id":13998,"date":"2025-05-22T14:56:45","date_gmt":"2025-05-22T12:56:45","guid":{"rendered":"https:\/\/donghua.eu\/%d0%bf%d0%be%d0%b2%d0%b4%d0%b8%d0%b3%d0%b0%d1%82%d0%b5%d0%bb%d0%bd%d0%b8-%d0%b2%d0%b5%d1%80%d0%b8%d0%b3%d0%b8\/"},"modified":"2025-09-04T16:13:43","modified_gmt":"2025-09-04T14:13:43","slug":"emelolancok","status":"publish","type":"page","link":"https:\/\/donghua.eu\/hu\/emelolancok\/","title":{"rendered":"Donghua emel\u0151l\u00e1ncok"},"content":{"rendered":"","protected":false},"excerpt":{"rendered":"","protected":false},"author":15,"featured_media":0,"parent":0,"menu_order":0,"comment_status":"closed","ping_status":"closed","template":"page-flex.php","meta":{"_acf_changed":false,"footnotes":""},"class_list":["post-13998","page","type-page","status-publish","hentry"],"acf":[],"yoast_head":"<!-- This site is optimized with the Yoast SEO plugin v26.5 - https:\/\/yoast.com\/wordpress\/plugins\/seo\/ -->\n<title>Donghua emel\u0151l\u00e1ncok - Donghua<\/title>\n<meta name=\"description\" content=\"Az emel\u0151l\u00e1ncok er\u0151t \u00e9s tart\u00f3ss\u00e1got biztos\u00edtanak az alkalmaz\u00e1saiban. Tudja meg, hogyan optimaliz\u00e1lhatja a Donghua a teljes\u00edtm\u00e9ny\u00e9t.\" \/>\n<meta name=\"robots\" content=\"index, follow, max-snippet:-1, max-image-preview:large, max-video-preview:-1\" \/>\n<link rel=\"canonical\" href=\"https:\/\/donghua.eu\/hu\/emelolancok\/\" \/>\n<meta property=\"og:locale\" content=\"hu_HU\" \/>\n<meta property=\"og:type\" content=\"article\" \/>\n<meta property=\"og:title\" content=\"Donghua emel\u0151l\u00e1ncok - Donghua\" \/>\n<meta property=\"og:description\" content=\"Az emel\u0151l\u00e1ncok er\u0151t \u00e9s tart\u00f3ss\u00e1got biztos\u00edtanak az alkalmaz\u00e1saiban. Tudja meg, hogyan optimaliz\u00e1lhatja a Donghua a teljes\u00edtm\u00e9ny\u00e9t.\" \/>\n<meta property=\"og:url\" content=\"https:\/\/donghua.eu\/hu\/emelolancok\/\" \/>\n<meta property=\"og:site_name\" content=\"Donghua\" \/>\n<meta property=\"article:modified_time\" content=\"2025-09-04T14:13:43+00:00\" \/>\n<meta name=\"twitter:card\" content=\"summary_large_image\" \/>\n<meta name=\"twitter:label1\" content=\"Becs\u00fclt olvas\u00e1si id\u0151\" \/>\n\t<meta name=\"twitter:data1\" content=\"3 perc\" \/>\n<script type=\"application\/ld+json\" class=\"yoast-schema-graph\">{\"@context\":\"https:\/\/schema.org\",\"@graph\":[{\"@type\":\"WebPage\",\"@id\":\"https:\/\/donghua.eu\/hu\/emelolancok\/\",\"url\":\"https:\/\/donghua.eu\/hu\/emelolancok\/\",\"name\":\"Donghua emel\u0151l\u00e1ncok - Donghua\",\"isPartOf\":{\"@id\":\"https:\/\/donghua.eu\/#website\"},\"datePublished\":\"2025-05-22T12:56:45+00:00\",\"dateModified\":\"2025-09-04T14:13:43+00:00\",\"description\":\"Az emel\u0151l\u00e1ncok er\u0151t \u00e9s tart\u00f3ss\u00e1got biztos\u00edtanak az alkalmaz\u00e1saiban. Tudja meg, hogyan optimaliz\u00e1lhatja a Donghua a teljes\u00edtm\u00e9ny\u00e9t.\",\"breadcrumb\":{\"@id\":\"https:\/\/donghua.eu\/hu\/emelolancok\/#breadcrumb\"},\"inLanguage\":\"hu\",\"potentialAction\":[{\"@type\":\"ReadAction\",\"target\":[\"https:\/\/donghua.eu\/hu\/emelolancok\/\"]}]},{\"@type\":\"BreadcrumbList\",\"@id\":\"https:\/\/donghua.eu\/hu\/emelolancok\/#breadcrumb\",\"itemListElement\":[{\"@type\":\"ListItem\",\"position\":1,\"name\":\"Home\",\"item\":\"https:\/\/donghua.eu\/hu\/\"},{\"@type\":\"ListItem\",\"position\":2,\"name\":\"Donghua emel\u0151l\u00e1ncok\"}]},{\"@type\":\"WebSite\",\"@id\":\"https:\/\/donghua.eu\/#website\",\"url\":\"https:\/\/donghua.eu\/\",\"name\":\"Donghua\",\"description\":\"Donghua International BV\",\"potentialAction\":[{\"@type\":\"SearchAction\",\"target\":{\"@type\":\"EntryPoint\",\"urlTemplate\":\"https:\/\/donghua.eu\/?s={search_term_string}\"},\"query-input\":{\"@type\":\"PropertyValueSpecification\",\"valueRequired\":true,\"valueName\":\"search_term_string\"}}],\"inLanguage\":\"hu\"}]}<\/script>\n<!-- \/ Yoast SEO plugin. -->","yoast_head_json":{"title":"Donghua emel\u0151l\u00e1ncok - Donghua","description":"Az emel\u0151l\u00e1ncok er\u0151t \u00e9s tart\u00f3ss\u00e1got biztos\u00edtanak az alkalmaz\u00e1saiban. Tudja meg, hogyan optimaliz\u00e1lhatja a Donghua a teljes\u00edtm\u00e9ny\u00e9t.","robots":{"index":"index","follow":"follow","max-snippet":"max-snippet:-1","max-image-preview":"max-image-preview:large","max-video-preview":"max-video-preview:-1"},"canonical":"https:\/\/donghua.eu\/hu\/emelolancok\/","og_locale":"hu_HU","og_type":"article","og_title":"Donghua emel\u0151l\u00e1ncok - Donghua","og_description":"Az emel\u0151l\u00e1ncok er\u0151t \u00e9s tart\u00f3ss\u00e1got biztos\u00edtanak az alkalmaz\u00e1saiban. Tudja meg, hogyan optimaliz\u00e1lhatja a Donghua a teljes\u00edtm\u00e9ny\u00e9t.","og_url":"https:\/\/donghua.eu\/hu\/emelolancok\/","og_site_name":"Donghua","article_modified_time":"2025-09-04T14:13:43+00:00","twitter_card":"summary_large_image","twitter_misc":{"Becs\u00fclt olvas\u00e1si id\u0151":"3 perc"},"schema":{"@context":"https:\/\/schema.org","@graph":[{"@type":"WebPage","@id":"https:\/\/donghua.eu\/hu\/emelolancok\/","url":"https:\/\/donghua.eu\/hu\/emelolancok\/","name":"Donghua emel\u0151l\u00e1ncok - Donghua","isPartOf":{"@id":"https:\/\/donghua.eu\/#website"},"datePublished":"2025-05-22T12:56:45+00:00","dateModified":"2025-09-04T14:13:43+00:00","description":"Az emel\u0151l\u00e1ncok er\u0151t \u00e9s tart\u00f3ss\u00e1got biztos\u00edtanak az alkalmaz\u00e1saiban. Tudja meg, hogyan optimaliz\u00e1lhatja a Donghua a teljes\u00edtm\u00e9ny\u00e9t.","breadcrumb":{"@id":"https:\/\/donghua.eu\/hu\/emelolancok\/#breadcrumb"},"inLanguage":"hu","potentialAction":[{"@type":"ReadAction","target":["https:\/\/donghua.eu\/hu\/emelolancok\/"]}]},{"@type":"BreadcrumbList","@id":"https:\/\/donghua.eu\/hu\/emelolancok\/#breadcrumb","itemListElement":[{"@type":"ListItem","position":1,"name":"Home","item":"https:\/\/donghua.eu\/hu\/"},{"@type":"ListItem","position":2,"name":"Donghua emel\u0151l\u00e1ncok"}]},{"@type":"WebSite","@id":"https:\/\/donghua.eu\/#website","url":"https:\/\/donghua.eu\/","name":"Donghua","description":"Donghua International BV","potentialAction":[{"@type":"SearchAction","target":{"@type":"EntryPoint","urlTemplate":"https:\/\/donghua.eu\/?s={search_term_string}"},"query-input":{"@type":"PropertyValueSpecification","valueRequired":true,"valueName":"search_term_string"}}],"inLanguage":"hu"}]}},"_links":{"self":[{"href":"https:\/\/donghua.eu\/hu\/wp-json\/wp\/v2\/pages\/13998","targetHints":{"allow":["GET"]}}],"collection":[{"href":"https:\/\/donghua.eu\/hu\/wp-json\/wp\/v2\/pages"}],"about":[{"href":"https:\/\/donghua.eu\/hu\/wp-json\/wp\/v2\/types\/page"}],"author":[{"embeddable":true,"href":"https:\/\/donghua.eu\/hu\/wp-json\/wp\/v2\/users\/15"}],"replies":[{"embeddable":true,"href":"https:\/\/donghua.eu\/hu\/wp-json\/wp\/v2\/comments?post=13998"}],"version-history":[{"count":2,"href":"https:\/\/donghua.eu\/hu\/wp-json\/wp\/v2\/pages\/13998\/revisions"}],"predecessor-version":[{"id":14000,"href":"https:\/\/donghua.eu\/hu\/wp-json\/wp\/v2\/pages\/13998\/revisions\/14000"}],"wp:attachment":[{"href":"https:\/\/donghua.eu\/hu\/wp-json\/wp\/v2\/media?parent=13998"}],"curies":[{"name":"wp","href":"https:\/\/api.w.org\/{rel}","templated":true}]}}