{"id":13346,"date":"2025-05-23T16:59:30","date_gmt":"2025-05-23T14:59:30","guid":{"rendered":"https:\/\/donghua.eu\/?page_id=13346"},"modified":"2025-06-16T09:29:48","modified_gmt":"2025-06-16T07:29:48","slug":"lanckerek-kopasa","status":"publish","type":"page","link":"https:\/\/donghua.eu\/hu\/lanckerek-kopasa\/","title":{"rendered":"L\u00e1ncker\u00e9k kop\u00e1sa"},"content":{"rendered":"","protected":false},"excerpt":{"rendered":"","protected":false},"author":15,"featured_media":0,"parent":0,"menu_order":0,"comment_status":"closed","ping_status":"closed","template":"page-flex.php","meta":{"_acf_changed":false,"footnotes":""},"class_list":["post-13346","page","type-page","status-publish","hentry"],"acf":[],"yoast_head":"<!-- This site is optimized with the Yoast SEO plugin v26.5 - https:\/\/yoast.com\/wordpress\/plugins\/seo\/ -->\n<title>L\u00e1ncker\u00e9k kop\u00e1sa - Donghua<\/title>\n<meta name=\"description\" content=\"El\u0151zze meg a k\u00f6lts\u00e9ges \u00e1ll\u00e1sid\u0151t a Donghu\u00e1val. Tudja meg, hogyan cs\u00f6kkentik megold\u00e1saink a l\u00e1ncker\u00e9k kop\u00e1s\u00e1t \u00e9s n\u00f6velik hajt\u00e1srendszere \u00e9lettartam\u00e1t.\" \/>\n<meta name=\"robots\" content=\"index, follow, max-snippet:-1, max-image-preview:large, max-video-preview:-1\" \/>\n<link rel=\"canonical\" href=\"https:\/\/donghua.eu\/hu\/lanckerek-kopasa\/\" \/>\n<meta property=\"og:locale\" content=\"hu_HU\" \/>\n<meta property=\"og:type\" content=\"article\" \/>\n<meta property=\"og:title\" content=\"L\u00e1ncker\u00e9k kop\u00e1sa - Donghua\" \/>\n<meta property=\"og:description\" content=\"El\u0151zze meg a k\u00f6lts\u00e9ges \u00e1ll\u00e1sid\u0151t a Donghu\u00e1val. Tudja meg, hogyan cs\u00f6kkentik megold\u00e1saink a l\u00e1ncker\u00e9k kop\u00e1s\u00e1t \u00e9s n\u00f6velik hajt\u00e1srendszere \u00e9lettartam\u00e1t.\" \/>\n<meta property=\"og:url\" content=\"https:\/\/donghua.eu\/hu\/lanckerek-kopasa\/\" \/>\n<meta property=\"og:site_name\" content=\"Donghua\" \/>\n<meta property=\"article:modified_time\" content=\"2025-06-16T07:29:48+00:00\" \/>\n<meta name=\"twitter:card\" content=\"summary_large_image\" \/>\n<meta name=\"twitter:label1\" content=\"Becs\u00fclt olvas\u00e1si id\u0151\" \/>\n\t<meta name=\"twitter:data1\" content=\"3 perc\" \/>\n<script type=\"application\/ld+json\" class=\"yoast-schema-graph\">{\"@context\":\"https:\/\/schema.org\",\"@graph\":[{\"@type\":\"WebPage\",\"@id\":\"https:\/\/donghua.eu\/hu\/lanckerek-kopasa\/\",\"url\":\"https:\/\/donghua.eu\/hu\/lanckerek-kopasa\/\",\"name\":\"L\u00e1ncker\u00e9k kop\u00e1sa - Donghua\",\"isPartOf\":{\"@id\":\"https:\/\/donghua.eu\/#website\"},\"datePublished\":\"2025-05-23T14:59:30+00:00\",\"dateModified\":\"2025-06-16T07:29:48+00:00\",\"description\":\"El\u0151zze meg a k\u00f6lts\u00e9ges \u00e1ll\u00e1sid\u0151t a Donghu\u00e1val. Tudja meg, hogyan cs\u00f6kkentik megold\u00e1saink a l\u00e1ncker\u00e9k kop\u00e1s\u00e1t \u00e9s n\u00f6velik hajt\u00e1srendszere \u00e9lettartam\u00e1t.\",\"breadcrumb\":{\"@id\":\"https:\/\/donghua.eu\/hu\/lanckerek-kopasa\/#breadcrumb\"},\"inLanguage\":\"hu\",\"potentialAction\":[{\"@type\":\"ReadAction\",\"target\":[\"https:\/\/donghua.eu\/hu\/lanckerek-kopasa\/\"]}]},{\"@type\":\"BreadcrumbList\",\"@id\":\"https:\/\/donghua.eu\/hu\/lanckerek-kopasa\/#breadcrumb\",\"itemListElement\":[{\"@type\":\"ListItem\",\"position\":1,\"name\":\"Home\",\"item\":\"https:\/\/donghua.eu\/hu\/\"},{\"@type\":\"ListItem\",\"position\":2,\"name\":\"L\u00e1ncker\u00e9k kop\u00e1sa\"}]},{\"@type\":\"WebSite\",\"@id\":\"https:\/\/donghua.eu\/#website\",\"url\":\"https:\/\/donghua.eu\/\",\"name\":\"Donghua\",\"description\":\"Donghua International BV\",\"potentialAction\":[{\"@type\":\"SearchAction\",\"target\":{\"@type\":\"EntryPoint\",\"urlTemplate\":\"https:\/\/donghua.eu\/?s={search_term_string}\"},\"query-input\":{\"@type\":\"PropertyValueSpecification\",\"valueRequired\":true,\"valueName\":\"search_term_string\"}}],\"inLanguage\":\"hu\"}]}<\/script>\n<!-- \/ Yoast SEO plugin. -->","yoast_head_json":{"title":"L\u00e1ncker\u00e9k kop\u00e1sa - Donghua","description":"El\u0151zze meg a k\u00f6lts\u00e9ges \u00e1ll\u00e1sid\u0151t a Donghu\u00e1val. Tudja meg, hogyan cs\u00f6kkentik megold\u00e1saink a l\u00e1ncker\u00e9k kop\u00e1s\u00e1t \u00e9s n\u00f6velik hajt\u00e1srendszere \u00e9lettartam\u00e1t.","robots":{"index":"index","follow":"follow","max-snippet":"max-snippet:-1","max-image-preview":"max-image-preview:large","max-video-preview":"max-video-preview:-1"},"canonical":"https:\/\/donghua.eu\/hu\/lanckerek-kopasa\/","og_locale":"hu_HU","og_type":"article","og_title":"L\u00e1ncker\u00e9k kop\u00e1sa - Donghua","og_description":"El\u0151zze meg a k\u00f6lts\u00e9ges \u00e1ll\u00e1sid\u0151t a Donghu\u00e1val. Tudja meg, hogyan cs\u00f6kkentik megold\u00e1saink a l\u00e1ncker\u00e9k kop\u00e1s\u00e1t \u00e9s n\u00f6velik hajt\u00e1srendszere \u00e9lettartam\u00e1t.","og_url":"https:\/\/donghua.eu\/hu\/lanckerek-kopasa\/","og_site_name":"Donghua","article_modified_time":"2025-06-16T07:29:48+00:00","twitter_card":"summary_large_image","twitter_misc":{"Becs\u00fclt olvas\u00e1si id\u0151":"3 perc"},"schema":{"@context":"https:\/\/schema.org","@graph":[{"@type":"WebPage","@id":"https:\/\/donghua.eu\/hu\/lanckerek-kopasa\/","url":"https:\/\/donghua.eu\/hu\/lanckerek-kopasa\/","name":"L\u00e1ncker\u00e9k kop\u00e1sa - Donghua","isPartOf":{"@id":"https:\/\/donghua.eu\/#website"},"datePublished":"2025-05-23T14:59:30+00:00","dateModified":"2025-06-16T07:29:48+00:00","description":"El\u0151zze meg a k\u00f6lts\u00e9ges \u00e1ll\u00e1sid\u0151t a Donghu\u00e1val. Tudja meg, hogyan cs\u00f6kkentik megold\u00e1saink a l\u00e1ncker\u00e9k kop\u00e1s\u00e1t \u00e9s n\u00f6velik hajt\u00e1srendszere \u00e9lettartam\u00e1t.","breadcrumb":{"@id":"https:\/\/donghua.eu\/hu\/lanckerek-kopasa\/#breadcrumb"},"inLanguage":"hu","potentialAction":[{"@type":"ReadAction","target":["https:\/\/donghua.eu\/hu\/lanckerek-kopasa\/"]}]},{"@type":"BreadcrumbList","@id":"https:\/\/donghua.eu\/hu\/lanckerek-kopasa\/#breadcrumb","itemListElement":[{"@type":"ListItem","position":1,"name":"Home","item":"https:\/\/donghua.eu\/hu\/"},{"@type":"ListItem","position":2,"name":"L\u00e1ncker\u00e9k kop\u00e1sa"}]},{"@type":"WebSite","@id":"https:\/\/donghua.eu\/#website","url":"https:\/\/donghua.eu\/","name":"Donghua","description":"Donghua International BV","potentialAction":[{"@type":"SearchAction","target":{"@type":"EntryPoint","urlTemplate":"https:\/\/donghua.eu\/?s={search_term_string}"},"query-input":{"@type":"PropertyValueSpecification","valueRequired":true,"valueName":"search_term_string"}}],"inLanguage":"hu"}]}},"_links":{"self":[{"href":"https:\/\/donghua.eu\/hu\/wp-json\/wp\/v2\/pages\/13346","targetHints":{"allow":["GET"]}}],"collection":[{"href":"https:\/\/donghua.eu\/hu\/wp-json\/wp\/v2\/pages"}],"about":[{"href":"https:\/\/donghua.eu\/hu\/wp-json\/wp\/v2\/types\/page"}],"author":[{"embeddable":true,"href":"https:\/\/donghua.eu\/hu\/wp-json\/wp\/v2\/users\/15"}],"replies":[{"embeddable":true,"href":"https:\/\/donghua.eu\/hu\/wp-json\/wp\/v2\/comments?post=13346"}],"version-history":[{"count":4,"href":"https:\/\/donghua.eu\/hu\/wp-json\/wp\/v2\/pages\/13346\/revisions"}],"predecessor-version":[{"id":13416,"href":"https:\/\/donghua.eu\/hu\/wp-json\/wp\/v2\/pages\/13346\/revisions\/13416"}],"wp:attachment":[{"href":"https:\/\/donghua.eu\/hu\/wp-json\/wp\/v2\/media?parent=13346"}],"curies":[{"name":"wp","href":"https:\/\/api.w.org\/{rel}","templated":true}]}}