{"id":13927,"date":"2025-05-23T16:25:13","date_gmt":"2025-05-23T14:25:13","guid":{"rendered":"https:\/\/donghua.eu\/chaines-a-rouleaux-industrielles\/conveyor-chains\/"},"modified":"2025-09-03T09:18:58","modified_gmt":"2025-09-03T07:18:58","slug":"chaines-de-convoyage","status":"publish","type":"page","link":"https:\/\/donghua.eu\/fr\/chaines-a-rouleaux-industrielles\/chaines-de-convoyage\/","title":{"rendered":"Cha\u00eenes de convoyage"},"content":{"rendered":"","protected":false},"excerpt":{"rendered":"","protected":false},"author":15,"featured_media":0,"parent":12549,"menu_order":0,"comment_status":"closed","ping_status":"closed","template":"page-flex.php","meta":{"_acf_changed":false,"footnotes":""},"class_list":["post-13927","page","type-page","status-publish","hentry"],"acf":[],"yoast_head":"<!-- This site is optimized with the Yoast SEO plugin v26.5 - https:\/\/yoast.com\/wordpress\/plugins\/seo\/ -->\n<title>Cha\u00eenes de convoyage - Donghua<\/title>\n<meta name=\"description\" content=\"Optimisez vos processus gr\u00e2ce aux cha\u00eenes de convoyage. D\u00e9couvrez les applications, les mat\u00e9riaux et les solutions personnalis\u00e9es de Donghua pour des syst\u00e8mes fiables.\" \/>\n<meta name=\"robots\" content=\"index, follow, max-snippet:-1, max-image-preview:large, max-video-preview:-1\" \/>\n<link rel=\"canonical\" href=\"https:\/\/donghua.eu\/fr\/chaines-a-rouleaux-industrielles\/chaines-de-convoyage\/\" \/>\n<meta property=\"og:locale\" content=\"fr_FR\" \/>\n<meta property=\"og:type\" content=\"article\" \/>\n<meta property=\"og:title\" content=\"Cha\u00eenes de convoyage - Donghua\" \/>\n<meta property=\"og:description\" content=\"Optimisez vos processus gr\u00e2ce aux cha\u00eenes de convoyage. D\u00e9couvrez les applications, les mat\u00e9riaux et les solutions personnalis\u00e9es de Donghua pour des syst\u00e8mes fiables.\" \/>\n<meta property=\"og:url\" content=\"https:\/\/donghua.eu\/fr\/chaines-a-rouleaux-industrielles\/chaines-de-convoyage\/\" \/>\n<meta property=\"og:site_name\" content=\"Donghua\" \/>\n<meta property=\"article:modified_time\" content=\"2025-09-03T07:18:58+00:00\" \/>\n<meta name=\"twitter:card\" content=\"summary_large_image\" \/>\n<meta name=\"twitter:label1\" content=\"Dur\u00e9e de lecture estim\u00e9e\" \/>\n\t<meta name=\"twitter:data1\" content=\"5 minutes\" \/>\n<script type=\"application\/ld+json\" class=\"yoast-schema-graph\">{\"@context\":\"https:\/\/schema.org\",\"@graph\":[{\"@type\":\"WebPage\",\"@id\":\"https:\/\/donghua.eu\/fr\/chaines-a-rouleaux-industrielles\/chaines-de-convoyage\/\",\"url\":\"https:\/\/donghua.eu\/fr\/chaines-a-rouleaux-industrielles\/chaines-de-convoyage\/\",\"name\":\"Cha\u00eenes de convoyage - Donghua\",\"isPartOf\":{\"@id\":\"https:\/\/donghua.eu\/#website\"},\"datePublished\":\"2025-05-23T14:25:13+00:00\",\"dateModified\":\"2025-09-03T07:18:58+00:00\",\"description\":\"Optimisez vos processus gr\u00e2ce aux cha\u00eenes de convoyage. D\u00e9couvrez les applications, les mat\u00e9riaux et les solutions personnalis\u00e9es de Donghua pour des syst\u00e8mes fiables.\",\"breadcrumb\":{\"@id\":\"https:\/\/donghua.eu\/fr\/chaines-a-rouleaux-industrielles\/chaines-de-convoyage\/#breadcrumb\"},\"inLanguage\":\"fr-FR\",\"potentialAction\":[{\"@type\":\"ReadAction\",\"target\":[\"https:\/\/donghua.eu\/fr\/chaines-a-rouleaux-industrielles\/chaines-de-convoyage\/\"]}]},{\"@type\":\"BreadcrumbList\",\"@id\":\"https:\/\/donghua.eu\/fr\/chaines-a-rouleaux-industrielles\/chaines-de-convoyage\/#breadcrumb\",\"itemListElement\":[{\"@type\":\"ListItem\",\"position\":1,\"name\":\"Home\",\"item\":\"https:\/\/donghua.eu\/fr\/\"},{\"@type\":\"ListItem\",\"position\":2,\"name\":\"Cha\u00eenes \u00e0 rouleaux industrielles\",\"item\":\"https:\/\/donghua.eu\/fr\/chaines-a-rouleaux-industrielles\/\"},{\"@type\":\"ListItem\",\"position\":3,\"name\":\"Cha\u00eenes de convoyage\"}]},{\"@type\":\"WebSite\",\"@id\":\"https:\/\/donghua.eu\/#website\",\"url\":\"https:\/\/donghua.eu\/\",\"name\":\"Donghua\",\"description\":\"Donghua International BV\",\"potentialAction\":[{\"@type\":\"SearchAction\",\"target\":{\"@type\":\"EntryPoint\",\"urlTemplate\":\"https:\/\/donghua.eu\/?s={search_term_string}\"},\"query-input\":{\"@type\":\"PropertyValueSpecification\",\"valueRequired\":true,\"valueName\":\"search_term_string\"}}],\"inLanguage\":\"fr-FR\"}]}<\/script>\n<!-- \/ Yoast SEO plugin. -->","yoast_head_json":{"title":"Cha\u00eenes de convoyage - Donghua","description":"Optimisez vos processus gr\u00e2ce aux cha\u00eenes de convoyage. D\u00e9couvrez les applications, les mat\u00e9riaux et les solutions personnalis\u00e9es de Donghua pour des syst\u00e8mes fiables.","robots":{"index":"index","follow":"follow","max-snippet":"max-snippet:-1","max-image-preview":"max-image-preview:large","max-video-preview":"max-video-preview:-1"},"canonical":"https:\/\/donghua.eu\/fr\/chaines-a-rouleaux-industrielles\/chaines-de-convoyage\/","og_locale":"fr_FR","og_type":"article","og_title":"Cha\u00eenes de convoyage - Donghua","og_description":"Optimisez vos processus gr\u00e2ce aux cha\u00eenes de convoyage. D\u00e9couvrez les applications, les mat\u00e9riaux et les solutions personnalis\u00e9es de Donghua pour des syst\u00e8mes fiables.","og_url":"https:\/\/donghua.eu\/fr\/chaines-a-rouleaux-industrielles\/chaines-de-convoyage\/","og_site_name":"Donghua","article_modified_time":"2025-09-03T07:18:58+00:00","twitter_card":"summary_large_image","twitter_misc":{"Dur\u00e9e de lecture estim\u00e9e":"5 minutes"},"schema":{"@context":"https:\/\/schema.org","@graph":[{"@type":"WebPage","@id":"https:\/\/donghua.eu\/fr\/chaines-a-rouleaux-industrielles\/chaines-de-convoyage\/","url":"https:\/\/donghua.eu\/fr\/chaines-a-rouleaux-industrielles\/chaines-de-convoyage\/","name":"Cha\u00eenes de convoyage - Donghua","isPartOf":{"@id":"https:\/\/donghua.eu\/#website"},"datePublished":"2025-05-23T14:25:13+00:00","dateModified":"2025-09-03T07:18:58+00:00","description":"Optimisez vos processus gr\u00e2ce aux cha\u00eenes de convoyage. D\u00e9couvrez les applications, les mat\u00e9riaux et les solutions personnalis\u00e9es de Donghua pour des syst\u00e8mes fiables.","breadcrumb":{"@id":"https:\/\/donghua.eu\/fr\/chaines-a-rouleaux-industrielles\/chaines-de-convoyage\/#breadcrumb"},"inLanguage":"fr-FR","potentialAction":[{"@type":"ReadAction","target":["https:\/\/donghua.eu\/fr\/chaines-a-rouleaux-industrielles\/chaines-de-convoyage\/"]}]},{"@type":"BreadcrumbList","@id":"https:\/\/donghua.eu\/fr\/chaines-a-rouleaux-industrielles\/chaines-de-convoyage\/#breadcrumb","itemListElement":[{"@type":"ListItem","position":1,"name":"Home","item":"https:\/\/donghua.eu\/fr\/"},{"@type":"ListItem","position":2,"name":"Cha\u00eenes \u00e0 rouleaux industrielles","item":"https:\/\/donghua.eu\/fr\/chaines-a-rouleaux-industrielles\/"},{"@type":"ListItem","position":3,"name":"Cha\u00eenes de convoyage"}]},{"@type":"WebSite","@id":"https:\/\/donghua.eu\/#website","url":"https:\/\/donghua.eu\/","name":"Donghua","description":"Donghua International BV","potentialAction":[{"@type":"SearchAction","target":{"@type":"EntryPoint","urlTemplate":"https:\/\/donghua.eu\/?s={search_term_string}"},"query-input":{"@type":"PropertyValueSpecification","valueRequired":true,"valueName":"search_term_string"}}],"inLanguage":"fr-FR"}]}},"_links":{"self":[{"href":"https:\/\/donghua.eu\/fr\/wp-json\/wp\/v2\/pages\/13927","targetHints":{"allow":["GET"]}}],"collection":[{"href":"https:\/\/donghua.eu\/fr\/wp-json\/wp\/v2\/pages"}],"about":[{"href":"https:\/\/donghua.eu\/fr\/wp-json\/wp\/v2\/types\/page"}],"author":[{"embeddable":true,"href":"https:\/\/donghua.eu\/fr\/wp-json\/wp\/v2\/users\/15"}],"replies":[{"embeddable":true,"href":"https:\/\/donghua.eu\/fr\/wp-json\/wp\/v2\/comments?post=13927"}],"version-history":[{"count":2,"href":"https:\/\/donghua.eu\/fr\/wp-json\/wp\/v2\/pages\/13927\/revisions"}],"predecessor-version":[{"id":13929,"href":"https:\/\/donghua.eu\/fr\/wp-json\/wp\/v2\/pages\/13927\/revisions\/13929"}],"up":[{"embeddable":true,"href":"https:\/\/donghua.eu\/fr\/wp-json\/wp\/v2\/pages\/12549"}],"wp:attachment":[{"href":"https:\/\/donghua.eu\/fr\/wp-json\/wp\/v2\/media?parent=13927"}],"curies":[{"name":"wp","href":"https:\/\/api.w.org\/{rel}","templated":true}]}}