{"id":13345,"date":"2025-05-23T16:59:30","date_gmt":"2025-05-23T14:59:30","guid":{"rendered":"https:\/\/donghua.eu\/?page_id=13345"},"modified":"2025-07-23T09:54:07","modified_gmt":"2025-07-23T07:54:07","slug":"usure-du-pignon","status":"publish","type":"page","link":"https:\/\/donghua.eu\/fr\/usure-du-pignon\/","title":{"rendered":"Usure du pignon"},"content":{"rendered":"","protected":false},"excerpt":{"rendered":"","protected":false},"author":15,"featured_media":0,"parent":0,"menu_order":0,"comment_status":"closed","ping_status":"closed","template":"page-flex.php","meta":{"_acf_changed":false,"footnotes":""},"class_list":["post-13345","page","type-page","status-publish","hentry"],"acf":[],"yoast_head":"<!-- This site is optimized with the Yoast SEO plugin v26.5 - https:\/\/yoast.com\/wordpress\/plugins\/seo\/ -->\n<title>Usure du pignon - Donghua<\/title>\n<meta name=\"description\" content=\"Pr\u00e9venez les arr\u00eats co\u00fbteux dus \u00e0 l\u2019usure du pignon avec Donghua. Nos solutions r\u00e9duisent cette usure et prolongent la dur\u00e9e de vie de vos syst\u00e8mes d\u2019entra\u00eenement.\" \/>\n<meta name=\"robots\" content=\"index, follow, max-snippet:-1, max-image-preview:large, max-video-preview:-1\" \/>\n<link rel=\"canonical\" href=\"https:\/\/donghua.eu\/fr\/usure-du-pignon\/\" \/>\n<meta property=\"og:locale\" content=\"fr_FR\" \/>\n<meta property=\"og:type\" content=\"article\" \/>\n<meta property=\"og:title\" content=\"Usure du pignon - Donghua\" \/>\n<meta property=\"og:description\" content=\"Pr\u00e9venez les arr\u00eats co\u00fbteux dus \u00e0 l\u2019usure du pignon avec Donghua. Nos solutions r\u00e9duisent cette usure et prolongent la dur\u00e9e de vie de vos syst\u00e8mes d\u2019entra\u00eenement.\" \/>\n<meta property=\"og:url\" content=\"https:\/\/donghua.eu\/fr\/usure-du-pignon\/\" \/>\n<meta property=\"og:site_name\" content=\"Donghua\" \/>\n<meta property=\"article:modified_time\" content=\"2025-07-23T07:54:07+00:00\" \/>\n<meta name=\"twitter:card\" content=\"summary_large_image\" \/>\n<meta name=\"twitter:label1\" content=\"Dur\u00e9e de lecture estim\u00e9e\" \/>\n\t<meta name=\"twitter:data1\" content=\"3 minutes\" \/>\n<script type=\"application\/ld+json\" class=\"yoast-schema-graph\">{\"@context\":\"https:\/\/schema.org\",\"@graph\":[{\"@type\":\"WebPage\",\"@id\":\"https:\/\/donghua.eu\/fr\/usure-du-pignon\/\",\"url\":\"https:\/\/donghua.eu\/fr\/usure-du-pignon\/\",\"name\":\"Usure du pignon - Donghua\",\"isPartOf\":{\"@id\":\"https:\/\/donghua.eu\/#website\"},\"datePublished\":\"2025-05-23T14:59:30+00:00\",\"dateModified\":\"2025-07-23T07:54:07+00:00\",\"description\":\"Pr\u00e9venez les arr\u00eats co\u00fbteux dus \u00e0 l\u2019usure du pignon avec Donghua. Nos solutions r\u00e9duisent cette usure et prolongent la dur\u00e9e de vie de vos syst\u00e8mes d\u2019entra\u00eenement.\",\"breadcrumb\":{\"@id\":\"https:\/\/donghua.eu\/fr\/usure-du-pignon\/#breadcrumb\"},\"inLanguage\":\"fr-FR\",\"potentialAction\":[{\"@type\":\"ReadAction\",\"target\":[\"https:\/\/donghua.eu\/fr\/usure-du-pignon\/\"]}]},{\"@type\":\"BreadcrumbList\",\"@id\":\"https:\/\/donghua.eu\/fr\/usure-du-pignon\/#breadcrumb\",\"itemListElement\":[{\"@type\":\"ListItem\",\"position\":1,\"name\":\"Home\",\"item\":\"https:\/\/donghua.eu\/fr\/\"},{\"@type\":\"ListItem\",\"position\":2,\"name\":\"Usure du pignon\"}]},{\"@type\":\"WebSite\",\"@id\":\"https:\/\/donghua.eu\/#website\",\"url\":\"https:\/\/donghua.eu\/\",\"name\":\"Donghua\",\"description\":\"Donghua International BV\",\"potentialAction\":[{\"@type\":\"SearchAction\",\"target\":{\"@type\":\"EntryPoint\",\"urlTemplate\":\"https:\/\/donghua.eu\/?s={search_term_string}\"},\"query-input\":{\"@type\":\"PropertyValueSpecification\",\"valueRequired\":true,\"valueName\":\"search_term_string\"}}],\"inLanguage\":\"fr-FR\"}]}<\/script>\n<!-- \/ Yoast SEO plugin. -->","yoast_head_json":{"title":"Usure du pignon - Donghua","description":"Pr\u00e9venez les arr\u00eats co\u00fbteux dus \u00e0 l\u2019usure du pignon avec Donghua. Nos solutions r\u00e9duisent cette usure et prolongent la dur\u00e9e de vie de vos syst\u00e8mes d\u2019entra\u00eenement.","robots":{"index":"index","follow":"follow","max-snippet":"max-snippet:-1","max-image-preview":"max-image-preview:large","max-video-preview":"max-video-preview:-1"},"canonical":"https:\/\/donghua.eu\/fr\/usure-du-pignon\/","og_locale":"fr_FR","og_type":"article","og_title":"Usure du pignon - Donghua","og_description":"Pr\u00e9venez les arr\u00eats co\u00fbteux dus \u00e0 l\u2019usure du pignon avec Donghua. Nos solutions r\u00e9duisent cette usure et prolongent la dur\u00e9e de vie de vos syst\u00e8mes d\u2019entra\u00eenement.","og_url":"https:\/\/donghua.eu\/fr\/usure-du-pignon\/","og_site_name":"Donghua","article_modified_time":"2025-07-23T07:54:07+00:00","twitter_card":"summary_large_image","twitter_misc":{"Dur\u00e9e de lecture estim\u00e9e":"3 minutes"},"schema":{"@context":"https:\/\/schema.org","@graph":[{"@type":"WebPage","@id":"https:\/\/donghua.eu\/fr\/usure-du-pignon\/","url":"https:\/\/donghua.eu\/fr\/usure-du-pignon\/","name":"Usure du pignon - Donghua","isPartOf":{"@id":"https:\/\/donghua.eu\/#website"},"datePublished":"2025-05-23T14:59:30+00:00","dateModified":"2025-07-23T07:54:07+00:00","description":"Pr\u00e9venez les arr\u00eats co\u00fbteux dus \u00e0 l\u2019usure du pignon avec Donghua. Nos solutions r\u00e9duisent cette usure et prolongent la dur\u00e9e de vie de vos syst\u00e8mes d\u2019entra\u00eenement.","breadcrumb":{"@id":"https:\/\/donghua.eu\/fr\/usure-du-pignon\/#breadcrumb"},"inLanguage":"fr-FR","potentialAction":[{"@type":"ReadAction","target":["https:\/\/donghua.eu\/fr\/usure-du-pignon\/"]}]},{"@type":"BreadcrumbList","@id":"https:\/\/donghua.eu\/fr\/usure-du-pignon\/#breadcrumb","itemListElement":[{"@type":"ListItem","position":1,"name":"Home","item":"https:\/\/donghua.eu\/fr\/"},{"@type":"ListItem","position":2,"name":"Usure du pignon"}]},{"@type":"WebSite","@id":"https:\/\/donghua.eu\/#website","url":"https:\/\/donghua.eu\/","name":"Donghua","description":"Donghua International BV","potentialAction":[{"@type":"SearchAction","target":{"@type":"EntryPoint","urlTemplate":"https:\/\/donghua.eu\/?s={search_term_string}"},"query-input":{"@type":"PropertyValueSpecification","valueRequired":true,"valueName":"search_term_string"}}],"inLanguage":"fr-FR"}]}},"_links":{"self":[{"href":"https:\/\/donghua.eu\/fr\/wp-json\/wp\/v2\/pages\/13345","targetHints":{"allow":["GET"]}}],"collection":[{"href":"https:\/\/donghua.eu\/fr\/wp-json\/wp\/v2\/pages"}],"about":[{"href":"https:\/\/donghua.eu\/fr\/wp-json\/wp\/v2\/types\/page"}],"author":[{"embeddable":true,"href":"https:\/\/donghua.eu\/fr\/wp-json\/wp\/v2\/users\/15"}],"replies":[{"embeddable":true,"href":"https:\/\/donghua.eu\/fr\/wp-json\/wp\/v2\/comments?post=13345"}],"version-history":[{"count":6,"href":"https:\/\/donghua.eu\/fr\/wp-json\/wp\/v2\/pages\/13345\/revisions"}],"predecessor-version":[{"id":13522,"href":"https:\/\/donghua.eu\/fr\/wp-json\/wp\/v2\/pages\/13345\/revisions\/13522"}],"wp:attachment":[{"href":"https:\/\/donghua.eu\/fr\/wp-json\/wp\/v2\/media?parent=13345"}],"curies":[{"name":"wp","href":"https:\/\/api.w.org\/{rel}","templated":true}]}}