{"id":13302,"date":"2025-05-23T16:42:56","date_gmt":"2025-05-23T14:42:56","guid":{"rendered":"https:\/\/donghua.eu\/?page_id=13302"},"modified":"2025-07-23T09:54:29","modified_gmt":"2025-07-23T07:54:29","slug":"chaines-triplex","status":"publish","type":"page","link":"https:\/\/donghua.eu\/fr\/chaines-a-rouleaux-industrielles\/chaines-triplex\/","title":{"rendered":"Avantages des cha\u00eenes triplex"},"content":{"rendered":"","protected":false},"excerpt":{"rendered":"","protected":false},"author":15,"featured_media":0,"parent":12549,"menu_order":0,"comment_status":"closed","ping_status":"closed","template":"page-flex.php","meta":{"_acf_changed":false,"footnotes":""},"class_list":["post-13302","page","type-page","status-publish","hentry"],"acf":[],"yoast_head":"<!-- This site is optimized with the Yoast SEO plugin v26.5 - https:\/\/yoast.com\/wordpress\/plugins\/seo\/ -->\n<title>Avantages des cha\u00eenes triplex - Donghua<\/title>\n<meta name=\"description\" content=\"D\u00e9couvrez les avantages des cha\u00eenes triplex pour les machines lourdes. Des solutions durables offrant robustesse et facilit\u00e9 d\u2019entretien dans les applications exigeantes.\" \/>\n<meta name=\"robots\" content=\"index, follow, max-snippet:-1, max-image-preview:large, max-video-preview:-1\" \/>\n<link rel=\"canonical\" href=\"https:\/\/donghua.eu\/fr\/chaines-a-rouleaux-industrielles\/chaines-triplex\/\" \/>\n<meta property=\"og:locale\" content=\"fr_FR\" \/>\n<meta property=\"og:type\" content=\"article\" \/>\n<meta property=\"og:title\" content=\"Avantages des cha\u00eenes triplex - Donghua\" \/>\n<meta property=\"og:description\" content=\"D\u00e9couvrez les avantages des cha\u00eenes triplex pour les machines lourdes. Des solutions durables offrant robustesse et facilit\u00e9 d\u2019entretien dans les applications exigeantes.\" \/>\n<meta property=\"og:url\" content=\"https:\/\/donghua.eu\/fr\/chaines-a-rouleaux-industrielles\/chaines-triplex\/\" \/>\n<meta property=\"og:site_name\" content=\"Donghua\" \/>\n<meta property=\"article:modified_time\" content=\"2025-07-23T07:54:29+00:00\" \/>\n<meta name=\"twitter:card\" content=\"summary_large_image\" \/>\n<meta name=\"twitter:label1\" content=\"Dur\u00e9e de lecture estim\u00e9e\" \/>\n\t<meta name=\"twitter:data1\" content=\"4 minutes\" \/>\n<script type=\"application\/ld+json\" class=\"yoast-schema-graph\">{\"@context\":\"https:\/\/schema.org\",\"@graph\":[{\"@type\":\"WebPage\",\"@id\":\"https:\/\/donghua.eu\/fr\/chaines-a-rouleaux-industrielles\/chaines-triplex\/\",\"url\":\"https:\/\/donghua.eu\/fr\/chaines-a-rouleaux-industrielles\/chaines-triplex\/\",\"name\":\"Avantages des cha\u00eenes triplex - Donghua\",\"isPartOf\":{\"@id\":\"https:\/\/donghua.eu\/#website\"},\"datePublished\":\"2025-05-23T14:42:56+00:00\",\"dateModified\":\"2025-07-23T07:54:29+00:00\",\"description\":\"D\u00e9couvrez les avantages des cha\u00eenes triplex pour les machines lourdes. Des solutions durables offrant robustesse et facilit\u00e9 d\u2019entretien dans les applications exigeantes.\",\"breadcrumb\":{\"@id\":\"https:\/\/donghua.eu\/fr\/chaines-a-rouleaux-industrielles\/chaines-triplex\/#breadcrumb\"},\"inLanguage\":\"fr-FR\",\"potentialAction\":[{\"@type\":\"ReadAction\",\"target\":[\"https:\/\/donghua.eu\/fr\/chaines-a-rouleaux-industrielles\/chaines-triplex\/\"]}]},{\"@type\":\"BreadcrumbList\",\"@id\":\"https:\/\/donghua.eu\/fr\/chaines-a-rouleaux-industrielles\/chaines-triplex\/#breadcrumb\",\"itemListElement\":[{\"@type\":\"ListItem\",\"position\":1,\"name\":\"Home\",\"item\":\"https:\/\/donghua.eu\/fr\/\"},{\"@type\":\"ListItem\",\"position\":2,\"name\":\"Cha\u00eenes \u00e0 rouleaux industrielles\",\"item\":\"https:\/\/donghua.eu\/fr\/chaines-a-rouleaux-industrielles\/\"},{\"@type\":\"ListItem\",\"position\":3,\"name\":\"Avantages des cha\u00eenes triplex\"}]},{\"@type\":\"WebSite\",\"@id\":\"https:\/\/donghua.eu\/#website\",\"url\":\"https:\/\/donghua.eu\/\",\"name\":\"Donghua\",\"description\":\"Donghua International BV\",\"potentialAction\":[{\"@type\":\"SearchAction\",\"target\":{\"@type\":\"EntryPoint\",\"urlTemplate\":\"https:\/\/donghua.eu\/?s={search_term_string}\"},\"query-input\":{\"@type\":\"PropertyValueSpecification\",\"valueRequired\":true,\"valueName\":\"search_term_string\"}}],\"inLanguage\":\"fr-FR\"}]}<\/script>\n<!-- \/ Yoast SEO plugin. -->","yoast_head_json":{"title":"Avantages des cha\u00eenes triplex - Donghua","description":"D\u00e9couvrez les avantages des cha\u00eenes triplex pour les machines lourdes. Des solutions durables offrant robustesse et facilit\u00e9 d\u2019entretien dans les applications exigeantes.","robots":{"index":"index","follow":"follow","max-snippet":"max-snippet:-1","max-image-preview":"max-image-preview:large","max-video-preview":"max-video-preview:-1"},"canonical":"https:\/\/donghua.eu\/fr\/chaines-a-rouleaux-industrielles\/chaines-triplex\/","og_locale":"fr_FR","og_type":"article","og_title":"Avantages des cha\u00eenes triplex - Donghua","og_description":"D\u00e9couvrez les avantages des cha\u00eenes triplex pour les machines lourdes. Des solutions durables offrant robustesse et facilit\u00e9 d\u2019entretien dans les applications exigeantes.","og_url":"https:\/\/donghua.eu\/fr\/chaines-a-rouleaux-industrielles\/chaines-triplex\/","og_site_name":"Donghua","article_modified_time":"2025-07-23T07:54:29+00:00","twitter_card":"summary_large_image","twitter_misc":{"Dur\u00e9e de lecture estim\u00e9e":"4 minutes"},"schema":{"@context":"https:\/\/schema.org","@graph":[{"@type":"WebPage","@id":"https:\/\/donghua.eu\/fr\/chaines-a-rouleaux-industrielles\/chaines-triplex\/","url":"https:\/\/donghua.eu\/fr\/chaines-a-rouleaux-industrielles\/chaines-triplex\/","name":"Avantages des cha\u00eenes triplex - Donghua","isPartOf":{"@id":"https:\/\/donghua.eu\/#website"},"datePublished":"2025-05-23T14:42:56+00:00","dateModified":"2025-07-23T07:54:29+00:00","description":"D\u00e9couvrez les avantages des cha\u00eenes triplex pour les machines lourdes. Des solutions durables offrant robustesse et facilit\u00e9 d\u2019entretien dans les applications exigeantes.","breadcrumb":{"@id":"https:\/\/donghua.eu\/fr\/chaines-a-rouleaux-industrielles\/chaines-triplex\/#breadcrumb"},"inLanguage":"fr-FR","potentialAction":[{"@type":"ReadAction","target":["https:\/\/donghua.eu\/fr\/chaines-a-rouleaux-industrielles\/chaines-triplex\/"]}]},{"@type":"BreadcrumbList","@id":"https:\/\/donghua.eu\/fr\/chaines-a-rouleaux-industrielles\/chaines-triplex\/#breadcrumb","itemListElement":[{"@type":"ListItem","position":1,"name":"Home","item":"https:\/\/donghua.eu\/fr\/"},{"@type":"ListItem","position":2,"name":"Cha\u00eenes \u00e0 rouleaux industrielles","item":"https:\/\/donghua.eu\/fr\/chaines-a-rouleaux-industrielles\/"},{"@type":"ListItem","position":3,"name":"Avantages des cha\u00eenes triplex"}]},{"@type":"WebSite","@id":"https:\/\/donghua.eu\/#website","url":"https:\/\/donghua.eu\/","name":"Donghua","description":"Donghua International BV","potentialAction":[{"@type":"SearchAction","target":{"@type":"EntryPoint","urlTemplate":"https:\/\/donghua.eu\/?s={search_term_string}"},"query-input":{"@type":"PropertyValueSpecification","valueRequired":true,"valueName":"search_term_string"}}],"inLanguage":"fr-FR"}]}},"_links":{"self":[{"href":"https:\/\/donghua.eu\/fr\/wp-json\/wp\/v2\/pages\/13302","targetHints":{"allow":["GET"]}}],"collection":[{"href":"https:\/\/donghua.eu\/fr\/wp-json\/wp\/v2\/pages"}],"about":[{"href":"https:\/\/donghua.eu\/fr\/wp-json\/wp\/v2\/types\/page"}],"author":[{"embeddable":true,"href":"https:\/\/donghua.eu\/fr\/wp-json\/wp\/v2\/users\/15"}],"replies":[{"embeddable":true,"href":"https:\/\/donghua.eu\/fr\/wp-json\/wp\/v2\/comments?post=13302"}],"version-history":[{"count":5,"href":"https:\/\/donghua.eu\/fr\/wp-json\/wp\/v2\/pages\/13302\/revisions"}],"predecessor-version":[{"id":13523,"href":"https:\/\/donghua.eu\/fr\/wp-json\/wp\/v2\/pages\/13302\/revisions\/13523"}],"up":[{"embeddable":true,"href":"https:\/\/donghua.eu\/fr\/wp-json\/wp\/v2\/pages\/12549"}],"wp:attachment":[{"href":"https:\/\/donghua.eu\/fr\/wp-json\/wp\/v2\/media?parent=13302"}],"curies":[{"name":"wp","href":"https:\/\/api.w.org\/{rel}","templated":true}]}}