{"id":12546,"date":"2025-05-14T16:42:39","date_gmt":"2025-05-14T14:42:39","guid":{"rendered":"https:\/\/donghua.eu\/?page_id=12546"},"modified":"2025-09-03T09:51:46","modified_gmt":"2025-09-03T07:51:46","slug":"cadenas-industriales-de-rodillos","status":"publish","type":"page","link":"https:\/\/donghua.eu\/es\/cadenas-industriales-de-rodillos\/","title":{"rendered":"Cadenas industriales de rodillos"},"content":{"rendered":"","protected":false},"excerpt":{"rendered":"","protected":false},"author":6,"featured_media":0,"parent":0,"menu_order":0,"comment_status":"closed","ping_status":"closed","template":"page-flex.php","meta":{"_acf_changed":false,"footnotes":""},"class_list":["post-12546","page","type-page","status-publish","hentry"],"acf":[],"yoast_head":"<!-- This site is optimized with the Yoast SEO plugin v27.4 - https:\/\/yoast.com\/product\/yoast-seo-wordpress\/ -->\n<title>Cadenas industriales de rodillos - Donghua<\/title>\n<meta name=\"description\" content=\"Donghua fournit des cha\u00eenes \u00e0 rouleaux industrielles de qualit\u00e9, en stock, avec une large gamme et des solutions adapt\u00e9es \u00e0 chaque application.\" \/>\n<meta name=\"robots\" content=\"index, follow, max-snippet:-1, max-image-preview:large, max-video-preview:-1\" \/>\n<link rel=\"canonical\" href=\"https:\/\/donghua.eu\/es\/cadenas-industriales-de-rodillos\/\" \/>\n<meta property=\"og:locale\" content=\"es_ES\" \/>\n<meta property=\"og:type\" content=\"article\" \/>\n<meta property=\"og:title\" content=\"Cadenas industriales de rodillos - Donghua\" \/>\n<meta property=\"og:description\" content=\"Donghua fournit des cha\u00eenes \u00e0 rouleaux industrielles de qualit\u00e9, en stock, avec une large gamme et des solutions adapt\u00e9es \u00e0 chaque application.\" \/>\n<meta property=\"og:url\" content=\"https:\/\/donghua.eu\/es\/cadenas-industriales-de-rodillos\/\" \/>\n<meta property=\"og:site_name\" content=\"Donghua\" \/>\n<meta property=\"article:modified_time\" content=\"2025-09-03T07:51:46+00:00\" \/>\n<meta name=\"twitter:card\" content=\"summary_large_image\" \/>\n<meta name=\"twitter:label1\" content=\"Tiempo de lectura\" \/>\n\t<meta name=\"twitter:data1\" content=\"4 minutos\" \/>\n<script type=\"application\/ld+json\" class=\"yoast-schema-graph\">{\"@context\":\"https:\\\/\\\/schema.org\",\"@graph\":[{\"@type\":\"WebPage\",\"@id\":\"https:\\\/\\\/donghua.eu\\\/es\\\/cadenas-industriales-de-rodillos\\\/\",\"url\":\"https:\\\/\\\/donghua.eu\\\/es\\\/cadenas-industriales-de-rodillos\\\/\",\"name\":\"Cadenas industriales de rodillos - Donghua\",\"isPartOf\":{\"@id\":\"https:\\\/\\\/donghua.eu\\\/#website\"},\"datePublished\":\"2025-05-14T14:42:39+00:00\",\"dateModified\":\"2025-09-03T07:51:46+00:00\",\"description\":\"Donghua fournit des cha\u00eenes \u00e0 rouleaux industrielles de qualit\u00e9, en stock, avec une large gamme et des solutions adapt\u00e9es \u00e0 chaque application.\",\"breadcrumb\":{\"@id\":\"https:\\\/\\\/donghua.eu\\\/es\\\/cadenas-industriales-de-rodillos\\\/#breadcrumb\"},\"inLanguage\":\"es\",\"potentialAction\":[{\"@type\":\"ReadAction\",\"target\":[\"https:\\\/\\\/donghua.eu\\\/es\\\/cadenas-industriales-de-rodillos\\\/\"]}]},{\"@type\":\"BreadcrumbList\",\"@id\":\"https:\\\/\\\/donghua.eu\\\/es\\\/cadenas-industriales-de-rodillos\\\/#breadcrumb\",\"itemListElement\":[{\"@type\":\"ListItem\",\"position\":1,\"name\":\"Home\",\"item\":\"https:\\\/\\\/donghua.eu\\\/es\\\/\"},{\"@type\":\"ListItem\",\"position\":2,\"name\":\"Cadenas industriales de rodillos\"}]},{\"@type\":\"WebSite\",\"@id\":\"https:\\\/\\\/donghua.eu\\\/#website\",\"url\":\"https:\\\/\\\/donghua.eu\\\/\",\"name\":\"Donghua\",\"description\":\"Donghua International BV\",\"potentialAction\":[{\"@type\":\"SearchAction\",\"target\":{\"@type\":\"EntryPoint\",\"urlTemplate\":\"https:\\\/\\\/donghua.eu\\\/?s={search_term_string}\"},\"query-input\":{\"@type\":\"PropertyValueSpecification\",\"valueRequired\":true,\"valueName\":\"search_term_string\"}}],\"inLanguage\":\"es\"}]}<\/script>\n<!-- \/ Yoast SEO plugin. -->","yoast_head_json":{"title":"Cadenas industriales de rodillos - Donghua","description":"Donghua fournit des cha\u00eenes \u00e0 rouleaux industrielles de qualit\u00e9, en stock, avec une large gamme et des solutions adapt\u00e9es \u00e0 chaque application.","robots":{"index":"index","follow":"follow","max-snippet":"max-snippet:-1","max-image-preview":"max-image-preview:large","max-video-preview":"max-video-preview:-1"},"canonical":"https:\/\/donghua.eu\/es\/cadenas-industriales-de-rodillos\/","og_locale":"es_ES","og_type":"article","og_title":"Cadenas industriales de rodillos - Donghua","og_description":"Donghua fournit des cha\u00eenes \u00e0 rouleaux industrielles de qualit\u00e9, en stock, avec une large gamme et des solutions adapt\u00e9es \u00e0 chaque application.","og_url":"https:\/\/donghua.eu\/es\/cadenas-industriales-de-rodillos\/","og_site_name":"Donghua","article_modified_time":"2025-09-03T07:51:46+00:00","twitter_card":"summary_large_image","twitter_misc":{"Tiempo de lectura":"4 minutos"},"schema":{"@context":"https:\/\/schema.org","@graph":[{"@type":"WebPage","@id":"https:\/\/donghua.eu\/es\/cadenas-industriales-de-rodillos\/","url":"https:\/\/donghua.eu\/es\/cadenas-industriales-de-rodillos\/","name":"Cadenas industriales de rodillos - Donghua","isPartOf":{"@id":"https:\/\/donghua.eu\/#website"},"datePublished":"2025-05-14T14:42:39+00:00","dateModified":"2025-09-03T07:51:46+00:00","description":"Donghua fournit des cha\u00eenes \u00e0 rouleaux industrielles de qualit\u00e9, en stock, avec une large gamme et des solutions adapt\u00e9es \u00e0 chaque application.","breadcrumb":{"@id":"https:\/\/donghua.eu\/es\/cadenas-industriales-de-rodillos\/#breadcrumb"},"inLanguage":"es","potentialAction":[{"@type":"ReadAction","target":["https:\/\/donghua.eu\/es\/cadenas-industriales-de-rodillos\/"]}]},{"@type":"BreadcrumbList","@id":"https:\/\/donghua.eu\/es\/cadenas-industriales-de-rodillos\/#breadcrumb","itemListElement":[{"@type":"ListItem","position":1,"name":"Home","item":"https:\/\/donghua.eu\/es\/"},{"@type":"ListItem","position":2,"name":"Cadenas industriales de rodillos"}]},{"@type":"WebSite","@id":"https:\/\/donghua.eu\/#website","url":"https:\/\/donghua.eu\/","name":"Donghua","description":"Donghua International BV","potentialAction":[{"@type":"SearchAction","target":{"@type":"EntryPoint","urlTemplate":"https:\/\/donghua.eu\/?s={search_term_string}"},"query-input":{"@type":"PropertyValueSpecification","valueRequired":true,"valueName":"search_term_string"}}],"inLanguage":"es"}]}},"_links":{"self":[{"href":"https:\/\/donghua.eu\/es\/wp-json\/wp\/v2\/pages\/12546","targetHints":{"allow":["GET"]}}],"collection":[{"href":"https:\/\/donghua.eu\/es\/wp-json\/wp\/v2\/pages"}],"about":[{"href":"https:\/\/donghua.eu\/es\/wp-json\/wp\/v2\/types\/page"}],"author":[{"embeddable":true,"href":"https:\/\/donghua.eu\/es\/wp-json\/wp\/v2\/users\/6"}],"replies":[{"embeddable":true,"href":"https:\/\/donghua.eu\/es\/wp-json\/wp\/v2\/comments?post=12546"}],"version-history":[{"count":4,"href":"https:\/\/donghua.eu\/es\/wp-json\/wp\/v2\/pages\/12546\/revisions"}],"predecessor-version":[{"id":13940,"href":"https:\/\/donghua.eu\/es\/wp-json\/wp\/v2\/pages\/12546\/revisions\/13940"}],"wp:attachment":[{"href":"https:\/\/donghua.eu\/es\/wp-json\/wp\/v2\/media?parent=12546"}],"curies":[{"name":"wp","href":"https:\/\/api.w.org\/{rel}","templated":true}]}}